{"id":3376,"date":"2023-10-18T16:11:05","date_gmt":"2023-10-18T14:11:05","guid":{"rendered":"https:\/\/www.ludonaute.fr\/?post_type=product&#038;p=3376"},"modified":"2025-09-11T18:05:48","modified_gmt":"2025-09-11T16:05:48","slug":"2-enigmes-archeologic","status":"publish","type":"product","link":"https:\/\/www.ludonaute.fr\/en\/product\/2-enigmes-archeologic\/","title":{"rendered":"2 additional puzzles for ArcheOlogic"},"content":{"rendered":"\t\t<div data-elementor-type=\"product-post\" data-elementor-id=\"3376\" class=\"elementor elementor-3376\">\n\t\t\t\t\t\t<section class=\"elementor-section elementor-top-section elementor-element elementor-element-7ccaf33d elementor-section-boxed elementor-section-height-default elementor-section-height-default\" data-id=\"7ccaf33d\" data-element_type=\"section\">\n\t\t\t\t\t\t<div class=\"elementor-container elementor-column-gap-default\">\n\t\t\t\t\t<div class=\"elementor-column elementor-col-50 elementor-top-column elementor-element elementor-element-12a5dc38\" data-id=\"12a5dc38\" data-element_type=\"column\">\n\t\t\t<div class=\"elementor-widget-wrap elementor-element-populated\">\n\t\t\t\t\t\t<div class=\"elementor-element elementor-element-4f62d51d yes elementor-widget elementor-widget-woocommerce-product-images\" data-id=\"4f62d51d\" data-element_type=\"widget\" data-widget_type=\"woocommerce-product-images.default\">\n\t\t\t\t<div class=\"elementor-widget-container\">\n\t\t\t<link rel=\"stylesheet\" href=\"https:\/\/www.ludonaute.fr\/wp-content\/plugins\/elementor-pro\/assets\/css\/widget-woocommerce.min.css\"><div class=\"woocommerce-product-gallery woocommerce-product-gallery--with-images woocommerce-product-gallery--columns-4 images\" data-columns=\"4\" style=\"opacity: 0; transition: opacity .25s ease-in-out;\">\n\t<div class=\"woocommerce-product-gallery__wrapper\">\n\t\t<div data-thumb=\"https:\/\/www.ludonaute.fr\/wp-content\/uploads\/2023\/10\/ArcheOlogic_goodies-100x100.png\" data-thumb-alt=\"2 \u00e9nigmes suppl\u00e9mentaires pour ArcheOlogic\" data-thumb-srcset=\"https:\/\/www.ludonaute.fr\/wp-content\/uploads\/2023\/10\/ArcheOlogic_goodies-100x100.png 100w, https:\/\/www.ludonaute.fr\/wp-content\/uploads\/2023\/10\/ArcheOlogic_goodies-150x150.png 150w, https:\/\/www.ludonaute.fr\/wp-content\/uploads\/2023\/10\/ArcheOlogic_goodies-13x12.png 13w\"  data-thumb-sizes=\"(max-width: 100px) 100vw, 100px\" class=\"woocommerce-product-gallery__image\"><a href=\"https:\/\/www.ludonaute.fr\/wp-content\/uploads\/2023\/10\/ArcheOlogic_goodies.png\"><img fetchpriority=\"high\" decoding=\"async\" width=\"600\" height=\"553\" src=\"https:\/\/www.ludonaute.fr\/wp-content\/uploads\/2023\/10\/ArcheOlogic_goodies-600x553.png\" class=\"wp-post-image\" alt=\"2 \u00e9nigmes suppl\u00e9mentaires pour ArcheOlogic\" data-caption=\"\" data-src=\"https:\/\/www.ludonaute.fr\/wp-content\/uploads\/2023\/10\/ArcheOlogic_goodies.png\" data-large_image=\"https:\/\/www.ludonaute.fr\/wp-content\/uploads\/2023\/10\/ArcheOlogic_goodies.png\" data-large_image_width=\"4506\" data-large_image_height=\"4153\" srcset=\"https:\/\/www.ludonaute.fr\/wp-content\/uploads\/2023\/10\/ArcheOlogic_goodies-600x553.png 600w, https:\/\/www.ludonaute.fr\/wp-content\/uploads\/2023\/10\/ArcheOlogic_goodies-300x276.png 300w, https:\/\/www.ludonaute.fr\/wp-content\/uploads\/2023\/10\/ArcheOlogic_goodies-1024x944.png 1024w, https:\/\/www.ludonaute.fr\/wp-content\/uploads\/2023\/10\/ArcheOlogic_goodies-768x708.png 768w, https:\/\/www.ludonaute.fr\/wp-content\/uploads\/2023\/10\/ArcheOlogic_goodies-1536x1416.png 1536w, https:\/\/www.ludonaute.fr\/wp-content\/uploads\/2023\/10\/ArcheOlogic_goodies-2048x1888.png 2048w, https:\/\/www.ludonaute.fr\/wp-content\/uploads\/2023\/10\/ArcheOlogic_goodies-13x12.png 13w\" sizes=\"(max-width: 600px) 100vw, 600px\" \/><\/a><\/div>\t<\/div>\n<\/div>\n\t\t<\/div>\n\t\t\t\t<\/div>\n\t\t\t\t\t<\/div>\n\t\t<\/div>\n\t\t\t\t<div class=\"elementor-column elementor-col-50 elementor-top-column elementor-element elementor-element-defb1b3\" data-id=\"defb1b3\" data-element_type=\"column\">\n\t\t\t<div class=\"elementor-widget-wrap elementor-element-populated\">\n\t\t\t\t\t\t<div class=\"elementor-element elementor-element-288ac965 elementor-widget elementor-widget-woocommerce-breadcrumb\" data-id=\"288ac965\" data-element_type=\"widget\" data-widget_type=\"woocommerce-breadcrumb.default\">\n\t\t\t\t<div class=\"elementor-widget-container\">\n\t\t\t<nav class=\"woocommerce-breadcrumb\" aria-label=\"Breadcrumb\">Accueil<\/nav>\t\t<\/div>\n\t\t\t\t<\/div>\n\t\t\t\t<div class=\"elementor-element elementor-element-c92f5e3 elementor-widget elementor-widget-woocommerce-product-title elementor-page-title elementor-widget-heading\" data-id=\"c92f5e3\" data-element_type=\"widget\" data-widget_type=\"woocommerce-product-title.default\">\n\t\t\t\t<div class=\"elementor-widget-container\">\n\t\t\t<style>\/*! elementor - v3.23.0 - 05-08-2024 *\/\n.elementor-heading-title{padding:0;margin:0;line-height:1}.elementor-widget-heading .elementor-heading-title[class*=elementor-size-]>a{color:inherit;font-size:inherit;line-height:inherit}.elementor-widget-heading .elementor-heading-title.elementor-size-small{font-size:15px}.elementor-widget-heading .elementor-heading-title.elementor-size-medium{font-size:19px}.elementor-widget-heading .elementor-heading-title.elementor-size-large{font-size:29px}.elementor-widget-heading .elementor-heading-title.elementor-size-xl{font-size:39px}.elementor-widget-heading .elementor-heading-title.elementor-size-xxl{font-size:59px}<\/style><h1 class=\"product_title entry-title elementor-heading-title elementor-size-default\">2 \u00e9nigmes suppl\u00e9mentaires pour ArcheOlogic<\/h1>\t\t<\/div>\n\t\t\t\t<\/div>\n\t\t\t\t<div class=\"elementor-element elementor-element-2044948e elementor-woo-meta--view-inline elementor-widget elementor-widget-woocommerce-product-meta\" data-id=\"2044948e\" data-element_type=\"widget\" data-widget_type=\"woocommerce-product-meta.default\">\n\t\t\t\t<div class=\"elementor-widget-container\">\n\t\t\t\t\t<div class=\"product_meta\">\n\n\t\t\t\n\t\t\t\n\t\t\t\t\t\t\t<span class=\"posted_in detail-container\"><span class=\"detail-label\">-<\/span> <span class=\"detail-content\"><a href=\"https:\/\/www.ludonaute.fr\/en\/product-category\/goodies\/\" rel=\"tag\">Goodies<\/a><\/span><\/span>\n\t\t\t\n\t\t\t\n\t\t\t\n\t\t<\/div>\n\t\t\t\t<\/div>\n\t\t\t\t<\/div>\n\t\t\t\t<div class=\"elementor-element elementor-element-2499937f elementor-widget elementor-widget-woocommerce-product-short-description\" data-id=\"2499937f\" data-element_type=\"widget\" data-widget_type=\"woocommerce-product-short-description.default\">\n\t\t\t\t<div class=\"elementor-widget-container\">\n\t\t\t<div class=\"woocommerce-product-details__short-description\">\n\t<p>Goodies sp\u00e9cial pour ArcheOlogic.<\/p>\n<p>D\u00e9couvrez 2 cartes cod\u00e9es suppl\u00e9mentaires et tentez une nouvelle fois de trouver le plan de la cit\u00e9 en premier.<\/p>\n<\/div>\n\t\t<\/div>\n\t\t\t\t<\/div>\n\t\t\t\t<div class=\"elementor-element elementor-element-5de6e20c elementor-widget elementor-widget-woocommerce-product-price\" data-id=\"5de6e20c\" data-element_type=\"widget\" data-widget_type=\"woocommerce-product-price.default\">\n\t\t\t\t<div class=\"elementor-widget-container\">\n\t\t\t<p class=\"price\"><span class=\"woocommerce-Price-amount amount\"><bdi>2,00&nbsp;<span class=\"woocommerce-Price-currencySymbol\">&euro;<\/span><\/bdi><\/span><\/p>\n\t\t<\/div>\n\t\t\t\t<\/div>\n\t\t\t\t<div class=\"elementor-element elementor-element-330c071a elementor-widget elementor-widget-woocommerce-product-stock\" data-id=\"330c071a\" data-element_type=\"widget\" data-widget_type=\"woocommerce-product-stock.default\">\n\t\t\t\t<div class=\"elementor-widget-container\">\n\t\t\t<p class=\"stock out-of-stock\">Out of stock<\/p>\n\t\t<\/div>\n\t\t\t\t<\/div>\n\t\t\t\t<div class=\"elementor-element elementor-element-31adf70c elementor-widget elementor-widget-wc-add-to-cart\" data-id=\"31adf70c\" data-element_type=\"widget\" data-widget_type=\"wc-add-to-cart.default\">\n\t\t\t\t<div class=\"elementor-widget-container\">\n\t\t\t\t\t<div class=\"elementor-button-wrapper\">\n\t\t\t<a class=\"elementor-button elementor-size-sm\" role=\"button\">\n\t\t\t\t\t\t<span class=\"elementor-button-content-wrapper\">\n\t\t\t\t\t\t<span class=\"elementor-button-icon\">\n\t\t\t\t<i aria-hidden=\"true\" class=\"fas fa-shopping-cart\"><\/i>\t\t\t<\/span>\n\t\t\t\t\t\t\t\t<\/span>\n\t\t\t\t\t<\/a>\n\t\t<\/div>\n\t\t\t\t<\/div>\n\t\t\t\t<\/div>\n\t\t\t\t\t<\/div>\n\t\t<\/div>\n\t\t\t\t\t<\/div>\n\t\t<\/section>\n\t\t\t\t<section class=\"elementor-section elementor-top-section elementor-element elementor-element-426d858d elementor-section-boxed elementor-section-height-default elementor-section-height-default\" data-id=\"426d858d\" data-element_type=\"section\">\n\t\t\t\t\t\t<div class=\"elementor-container elementor-column-gap-default\">\n\t\t\t\t\t<div class=\"elementor-column elementor-col-100 elementor-top-column elementor-element elementor-element-a63c6e\" data-id=\"a63c6e\" data-element_type=\"column\">\n\t\t\t<div class=\"elementor-widget-wrap elementor-element-populated\">\n\t\t\t\t\t\t<div class=\"elementor-element elementor-element-d761af2 elementor-align-center elementor-widget elementor-widget-button\" data-id=\"d761af2\" data-element_type=\"widget\" data-widget_type=\"button.default\">\n\t\t\t\t<div class=\"elementor-widget-container\">\n\t\t\t\t\t<div class=\"elementor-button-wrapper\">\n\t\t\t<a class=\"elementor-button elementor-button-link elementor-size-sm\" href=\"https:\/\/www.ludonaute.fr\/produit\/archeologic\/\">\n\t\t\t\t\t\t<span class=\"elementor-button-content-wrapper\">\n\t\t\t\t\t\t\t\t\t<span class=\"elementor-button-text\">Voir la fiche du jeu ArcheOlogic<\/span>\n\t\t\t\t\t<\/span>\n\t\t\t\t\t<\/a>\n\t\t<\/div>\n\t\t\t\t<\/div>\n\t\t\t\t<\/div>\n\t\t\t\t\t<\/div>\n\t\t<\/div>\n\t\t\t\t\t<\/div>\n\t\t<\/section>\n\t\t\t\t<\/div>\n\t\t","protected":false},"excerpt":{"rendered":"<p>Goodies sp\u00e9cial pour ArcheOlogic.<\/p>\n<p>D\u00e9couvrez 2 cartes cod\u00e9es suppl\u00e9mentaires et tentez une nouvelle fois de trouver le plan de la cit\u00e9 en premier.<\/p>","protected":false},"featured_media":3377,"template":"","meta":{"site-sidebar-layout":"default","site-content-layout":"default","ast-global-header-display":"","ast-banner-title-visibility":"","ast-main-header-display":"","ast-hfb-above-header-display":"","ast-hfb-below-header-display":"","ast-hfb-mobile-header-display":"","site-post-title":"","ast-breadcrumbs-content":"","ast-featured-img":"","footer-sml-layout":"","theme-transparent-header-meta":"default","adv-header-id-meta":"","stick-header-meta":"","header-above-stick-meta":"","header-main-stick-meta":"","header-below-stick-meta":""},"product_brand":[],"product_cat":[31],"product_tag":[],"class_list":{"0":"post-3376","1":"product","2":"type-product","3":"status-publish","4":"has-post-thumbnail","6":"product_cat-goodies","7":"desktop-align-center","8":"tablet-align-left","9":"mobile-align-left","11":"first","12":"outofstock","13":"taxable","14":"shipping-taxable","15":"purchasable","16":"product-type-simple"},"_links":{"self":[{"href":"https:\/\/www.ludonaute.fr\/en\/wp-json\/wp\/v2\/product\/3376","targetHints":{"allow":["GET"]}}],"collection":[{"href":"https:\/\/www.ludonaute.fr\/en\/wp-json\/wp\/v2\/product"}],"about":[{"href":"https:\/\/www.ludonaute.fr\/en\/wp-json\/wp\/v2\/types\/product"}],"version-history":[{"count":5,"href":"https:\/\/www.ludonaute.fr\/en\/wp-json\/wp\/v2\/product\/3376\/revisions"}],"predecessor-version":[{"id":3382,"href":"https:\/\/www.ludonaute.fr\/en\/wp-json\/wp\/v2\/product\/3376\/revisions\/3382"}],"wp:featuredmedia":[{"embeddable":true,"href":"https:\/\/www.ludonaute.fr\/en\/wp-json\/wp\/v2\/media\/3377"}],"wp:attachment":[{"href":"https:\/\/www.ludonaute.fr\/en\/wp-json\/wp\/v2\/media?parent=3376"}],"wp:term":[{"taxonomy":"product_brand","embeddable":true,"href":"https:\/\/www.ludonaute.fr\/en\/wp-json\/wp\/v2\/product_brand?post=3376"},{"taxonomy":"product_cat","embeddable":true,"href":"https:\/\/www.ludonaute.fr\/en\/wp-json\/wp\/v2\/product_cat?post=3376"},{"taxonomy":"product_tag","embeddable":true,"href":"https:\/\/www.ludonaute.fr\/en\/wp-json\/wp\/v2\/product_tag?post=3376"}],"curies":[{"name":"wp","href":"https:\/\/api.w.org\/{rel}","templated":true}]}}