{"id":1577,"date":"2023-07-11T09:18:42","date_gmt":"2023-07-11T07:18:42","guid":{"rendered":"https:\/\/test.ludonaute.fr\/?post_type=product&#038;p=1577"},"modified":"2025-12-09T14:14:30","modified_gmt":"2025-12-09T13:14:30","slug":"silk","status":"publish","type":"product","link":"https:\/\/www.ludonaute.fr\/en\/product\/silk\/","title":{"rendered":"SILK &#8211; Un bandit pour Colt Express"},"content":{"rendered":"\t\t<div data-elementor-type=\"product-post\" data-elementor-id=\"1577\" class=\"elementor elementor-1577\">\n\t\t\t\t\t\t<section class=\"elementor-section elementor-top-section elementor-element elementor-element-2e94c2fa elementor-section-content-top elementor-section-boxed elementor-section-height-default elementor-section-height-default\" data-id=\"2e94c2fa\" data-element_type=\"section\">\n\t\t\t\t\t\t<div class=\"elementor-container elementor-column-gap-default\">\n\t\t\t\t\t<div class=\"elementor-column elementor-col-50 elementor-top-column elementor-element elementor-element-51d7d53\" data-id=\"51d7d53\" data-element_type=\"column\">\n\t\t\t<div class=\"elementor-widget-wrap elementor-element-populated\">\n\t\t\t\t\t\t<div class=\"elementor-element elementor-element-15051e1b yes elementor-widget elementor-widget-woocommerce-product-images\" data-id=\"15051e1b\" data-element_type=\"widget\" data-widget_type=\"woocommerce-product-images.default\">\n\t\t\t\t<div class=\"elementor-widget-container\">\n\t\t\t<link rel=\"stylesheet\" href=\"https:\/\/www.ludonaute.fr\/wp-content\/plugins\/elementor-pro\/assets\/css\/widget-woocommerce.min.css\"><div class=\"woocommerce-product-gallery woocommerce-product-gallery--with-images woocommerce-product-gallery--columns-4 images\" data-columns=\"4\" style=\"opacity: 0; transition: opacity .25s ease-in-out;\">\n\t<div class=\"woocommerce-product-gallery__wrapper\">\n\t\t<div data-thumb=\"https:\/\/www.ludonaute.fr\/wp-content\/uploads\/2023\/07\/silk-un-bandit-pour-colt-express-100x100.jpg\" data-thumb-alt=\"SILK - Un bandit pour Colt Express\" data-thumb-srcset=\"https:\/\/www.ludonaute.fr\/wp-content\/uploads\/2023\/07\/silk-un-bandit-pour-colt-express-100x100.jpg 100w, https:\/\/www.ludonaute.fr\/wp-content\/uploads\/2023\/07\/silk-un-bandit-pour-colt-express-300x300.jpg 300w, https:\/\/www.ludonaute.fr\/wp-content\/uploads\/2023\/07\/silk-un-bandit-pour-colt-express-600x600.jpg 600w, https:\/\/www.ludonaute.fr\/wp-content\/uploads\/2023\/07\/silk-un-bandit-pour-colt-express-150x150.jpg 150w, https:\/\/www.ludonaute.fr\/wp-content\/uploads\/2023\/07\/silk-un-bandit-pour-colt-express-768x768.jpg 768w, https:\/\/www.ludonaute.fr\/wp-content\/uploads\/2023\/07\/silk-un-bandit-pour-colt-express.jpg 800w\"  data-thumb-sizes=\"(max-width: 100px) 100vw, 100px\" class=\"woocommerce-product-gallery__image\"><a href=\"https:\/\/www.ludonaute.fr\/wp-content\/uploads\/2023\/07\/silk-un-bandit-pour-colt-express.jpg\"><img fetchpriority=\"high\" decoding=\"async\" width=\"600\" height=\"600\" src=\"https:\/\/www.ludonaute.fr\/wp-content\/uploads\/2023\/07\/silk-un-bandit-pour-colt-express-600x600.jpg\" class=\"wp-post-image\" alt=\"SILK - Un bandit pour Colt Express\" data-caption=\"\" data-src=\"https:\/\/www.ludonaute.fr\/wp-content\/uploads\/2023\/07\/silk-un-bandit-pour-colt-express.jpg\" data-large_image=\"https:\/\/www.ludonaute.fr\/wp-content\/uploads\/2023\/07\/silk-un-bandit-pour-colt-express.jpg\" data-large_image_width=\"800\" data-large_image_height=\"800\" srcset=\"https:\/\/www.ludonaute.fr\/wp-content\/uploads\/2023\/07\/silk-un-bandit-pour-colt-express-600x600.jpg 600w, https:\/\/www.ludonaute.fr\/wp-content\/uploads\/2023\/07\/silk-un-bandit-pour-colt-express-300x300.jpg 300w, https:\/\/www.ludonaute.fr\/wp-content\/uploads\/2023\/07\/silk-un-bandit-pour-colt-express-100x100.jpg 100w, https:\/\/www.ludonaute.fr\/wp-content\/uploads\/2023\/07\/silk-un-bandit-pour-colt-express-150x150.jpg 150w, https:\/\/www.ludonaute.fr\/wp-content\/uploads\/2023\/07\/silk-un-bandit-pour-colt-express-768x768.jpg 768w, https:\/\/www.ludonaute.fr\/wp-content\/uploads\/2023\/07\/silk-un-bandit-pour-colt-express.jpg 800w\" sizes=\"(max-width: 600px) 100vw, 600px\" \/><\/a><\/div>\t<\/div>\n<\/div>\n\t\t<\/div>\n\t\t\t\t<\/div>\n\t\t\t\t\t<\/div>\n\t\t<\/div>\n\t\t\t\t<div class=\"elementor-column elementor-col-50 elementor-top-column elementor-element elementor-element-69da65f6\" data-id=\"69da65f6\" data-element_type=\"column\">\n\t\t\t<div class=\"elementor-widget-wrap elementor-element-populated\">\n\t\t\t\t\t\t<div class=\"elementor-element elementor-element-1af01ecc elementor-widget elementor-widget-woocommerce-breadcrumb\" data-id=\"1af01ecc\" data-element_type=\"widget\" data-widget_type=\"woocommerce-breadcrumb.default\">\n\t\t\t\t<div class=\"elementor-widget-container\">\n\t\t\t<nav class=\"woocommerce-breadcrumb\" aria-label=\"Breadcrumb\">Accueil<\/nav>\t\t<\/div>\n\t\t\t\t<\/div>\n\t\t\t\t<div class=\"elementor-element elementor-element-1ec5aa6a elementor-widget elementor-widget-woocommerce-product-title elementor-page-title elementor-widget-heading\" data-id=\"1ec5aa6a\" data-element_type=\"widget\" data-widget_type=\"woocommerce-product-title.default\">\n\t\t\t\t<div class=\"elementor-widget-container\">\n\t\t\t<style>\/*! elementor - v3.23.0 - 05-08-2024 *\/\n.elementor-heading-title{padding:0;margin:0;line-height:1}.elementor-widget-heading .elementor-heading-title[class*=elementor-size-]>a{color:inherit;font-size:inherit;line-height:inherit}.elementor-widget-heading .elementor-heading-title.elementor-size-small{font-size:15px}.elementor-widget-heading .elementor-heading-title.elementor-size-medium{font-size:19px}.elementor-widget-heading .elementor-heading-title.elementor-size-large{font-size:29px}.elementor-widget-heading .elementor-heading-title.elementor-size-xl{font-size:39px}.elementor-widget-heading .elementor-heading-title.elementor-size-xxl{font-size:59px}<\/style><h1 class=\"product_title entry-title elementor-heading-title elementor-size-default\">SILK - Un bandit pour Colt Express<\/h1>\t\t<\/div>\n\t\t\t\t<\/div>\n\t\t\t\t<div class=\"elementor-element elementor-element-1c27ad29 elementor-woo-meta--view-inline elementor-widget elementor-widget-woocommerce-product-meta\" data-id=\"1c27ad29\" data-element_type=\"widget\" data-widget_type=\"woocommerce-product-meta.default\">\n\t\t\t\t<div class=\"elementor-widget-container\">\n\t\t\t\t\t<div class=\"product_meta\">\n\n\t\t\t\n\t\t\t\n\t\t\t\t\t\t\t<span class=\"posted_in detail-container\"><span class=\"detail-label\">-<\/span> <span class=\"detail-content\"><a href=\"https:\/\/www.ludonaute.fr\/en\/product-category\/coltexpress\/\" rel=\"tag\">ColtExpress<\/a>, <a href=\"https:\/\/www.ludonaute.fr\/en\/product-category\/goodies\/\" rel=\"tag\">Goodies<\/a>, <a href=\"https:\/\/www.ludonaute.fr\/en\/product-category\/tycoon\/\" rel=\"tag\">TycoonGames<\/a><\/span><\/span>\n\t\t\t\n\t\t\t\n\t\t\t\n\t\t<\/div>\n\t\t\t\t<\/div>\n\t\t\t\t<\/div>\n\t\t\t\t<div class=\"elementor-element elementor-element-73bb7dfc elementor-widget elementor-widget-woocommerce-product-short-description\" data-id=\"73bb7dfc\" data-element_type=\"widget\" data-widget_type=\"woocommerce-product-short-description.default\">\n\t\t\t\t<div class=\"elementor-widget-container\">\n\t\t\t<div class=\"woocommerce-product-details__short-description\">\n\t<p>Un Bandit suppl\u00e9mentaire pour Colt Express. Personne ne sait qui est vraiment Silk.<\/p>\n<\/div>\n\t\t<\/div>\n\t\t\t\t<\/div>\n\t\t\t\t<div class=\"elementor-element elementor-element-3285c571 elementor-widget elementor-widget-woocommerce-product-price\" data-id=\"3285c571\" data-element_type=\"widget\" data-widget_type=\"woocommerce-product-price.default\">\n\t\t\t\t<div class=\"elementor-widget-container\">\n\t\t\t<p class=\"price\"><span class=\"woocommerce-Price-amount amount\"><bdi>7,00&nbsp;<span class=\"woocommerce-Price-currencySymbol\">&euro;<\/span><\/bdi><\/span><\/p>\n\t\t<\/div>\n\t\t\t\t<\/div>\n\t\t\t\t<div class=\"elementor-element elementor-element-5283463a elementor-widget elementor-widget-woocommerce-product-stock\" data-id=\"5283463a\" data-element_type=\"widget\" data-widget_type=\"woocommerce-product-stock.default\">\n\t\t\t\t<div class=\"elementor-widget-container\">\n\t\t\t<p class=\"stock out-of-stock\">Out of stock<\/p>\n\t\t<\/div>\n\t\t\t\t<\/div>\n\t\t\t\t<div class=\"elementor-element elementor-element-76cfb9af elementor-widget elementor-widget-wc-add-to-cart\" data-id=\"76cfb9af\" data-element_type=\"widget\" data-widget_type=\"wc-add-to-cart.default\">\n\t\t\t\t<div class=\"elementor-widget-container\">\n\t\t\t\t\t<div class=\"elementor-button-wrapper\">\n\t\t\t<a class=\"elementor-button elementor-size-sm\" role=\"button\">\n\t\t\t\t\t\t<span class=\"elementor-button-content-wrapper\">\n\t\t\t\t\t\t<span class=\"elementor-button-icon\">\n\t\t\t\t<i aria-hidden=\"true\" class=\"fas fa-shopping-cart\"><\/i>\t\t\t<\/span>\n\t\t\t\t\t\t\t\t<\/span>\n\t\t\t\t\t<\/a>\n\t\t<\/div>\n\t\t\t\t<\/div>\n\t\t\t\t<\/div>\n\t\t\t\t<section class=\"elementor-section elementor-inner-section elementor-element elementor-element-18609d6 elementor-section-content-middle elementor-section-boxed elementor-section-height-default elementor-section-height-default\" data-id=\"18609d6\" data-element_type=\"section\">\n\t\t\t\t\t\t<div class=\"elementor-container elementor-column-gap-default\">\n\t\t\t\t\t<div class=\"elementor-column elementor-col-50 elementor-inner-column elementor-element elementor-element-1a07643\" data-id=\"1a07643\" data-element_type=\"column\">\n\t\t\t<div class=\"elementor-widget-wrap elementor-element-populated\">\n\t\t\t\t\t\t<div class=\"elementor-element elementor-element-80fe31e elementor-widget elementor-widget-image\" data-id=\"80fe31e\" data-element_type=\"widget\" data-widget_type=\"image.default\">\n\t\t\t\t<div class=\"elementor-widget-container\">\n\t\t\t<style>\/*! elementor - v3.23.0 - 05-08-2024 *\/\n.elementor-widget-image{text-align:center}.elementor-widget-image a{display:inline-block}.elementor-widget-image a img[src$=\".svg\"]{width:48px}.elementor-widget-image img{vertical-align:middle;display:inline-block}<\/style>\t\t\t\t\t\t\t\t\t\t<img decoding=\"async\" src=\"https:\/\/www.data.ludonaute.fr\/Colt_Express\/BOX\/BOX3D\/3DBOX_ColtExpress_2023.png\" title=\"\" alt=\"\" loading=\"lazy\" \/>\t\t\t\t\t\t\t\t\t\t\t\t\t<\/div>\n\t\t\t\t<\/div>\n\t\t\t\t\t<\/div>\n\t\t<\/div>\n\t\t\t\t<div class=\"elementor-column elementor-col-50 elementor-inner-column elementor-element elementor-element-81fb945\" data-id=\"81fb945\" data-element_type=\"column\">\n\t\t\t<div class=\"elementor-widget-wrap elementor-element-populated\">\n\t\t\t\t\t\t<div class=\"elementor-element elementor-element-e3d64cb elementor-widget elementor-widget-text-editor\" data-id=\"e3d64cb\" data-element_type=\"widget\" data-widget_type=\"text-editor.default\">\n\t\t\t\t<div class=\"elementor-widget-container\">\n\t\t\t<style>\/*! elementor - v3.23.0 - 05-08-2024 *\/\n.elementor-widget-text-editor.elementor-drop-cap-view-stacked .elementor-drop-cap{background-color:#69727d;color:#fff}.elementor-widget-text-editor.elementor-drop-cap-view-framed .elementor-drop-cap{color:#69727d;border:3px solid;background-color:transparent}.elementor-widget-text-editor:not(.elementor-drop-cap-view-default) .elementor-drop-cap{margin-top:8px}.elementor-widget-text-editor:not(.elementor-drop-cap-view-default) .elementor-drop-cap-letter{width:1em;height:1em}.elementor-widget-text-editor .elementor-drop-cap{float:left;text-align:center;line-height:1;font-size:50px}.elementor-widget-text-editor .elementor-drop-cap-letter{display:inline-block}<\/style>\t\t\t\t<p><span style=\"font-weight: bold;\">N\u00e9cessite le jeu de base pour \u00eatre utilis\u00e9.<\/span><\/p>\t\t\t\t\t\t<\/div>\n\t\t\t\t<\/div>\n\t\t\t\t\t<\/div>\n\t\t<\/div>\n\t\t\t\t\t<\/div>\n\t\t<\/section>\n\t\t\t\t\t<\/div>\n\t\t<\/div>\n\t\t\t\t\t<\/div>\n\t\t<\/section>\n\t\t\t\t<section class=\"elementor-section elementor-top-section elementor-element elementor-element-f1f4248 elementor-section-content-middle elementor-section-boxed elementor-section-height-default elementor-section-height-default\" data-id=\"f1f4248\" data-element_type=\"section\">\n\t\t\t\t\t\t<div class=\"elementor-container elementor-column-gap-default\">\n\t\t\t\t\t<div class=\"elementor-column elementor-col-50 elementor-top-column elementor-element elementor-element-dbd240e\" data-id=\"dbd240e\" data-element_type=\"column\">\n\t\t\t<div class=\"elementor-widget-wrap elementor-element-populated\">\n\t\t\t\t\t\t<div class=\"elementor-element elementor-element-665099e elementor-widget elementor-widget-text-editor\" data-id=\"665099e\" data-element_type=\"widget\" data-widget_type=\"text-editor.default\">\n\t\t\t\t<div class=\"elementor-widget-container\">\n\t\t\t\t\t\t\t<p>Trois pouvoirs possibles pour Silk :<\/p><p><strong>Pouvoir de mouvement :<\/strong> D\u00e9placez-vous de 1 ou 2 Wagons, \u00e0 l&rsquo;int\u00e9rieur ou sur le toit du train. Vous \u00eates autoris\u00e9 \u00e0 traverser un Wagon o\u00f9 se trouve un Homme de loi (Marshal ou Shotgun).<\/p><p><strong>Pouvoir de blocage :<\/strong> Vous bloquez l&rsquo;entr\u00e9e par la porte arri\u00e8re de votre Wagon.<\/p><p><strong>Pouvoir d&rsquo;esquive :<\/strong> Lorsque vous rencontrez un Homme de loi, donnez la Balle Neutre \u00e0 l&rsquo;adversaire de votre choix.<\/p><p>\u00a0<\/p><p>Choisissez le pouvoir de Silk au d\u00e9but du jeu ou inventez-en un \u00e0 votre guise.<\/p>\t\t\t\t\t\t<\/div>\n\t\t\t\t<\/div>\n\t\t\t\t\t<\/div>\n\t\t<\/div>\n\t\t\t\t<div class=\"elementor-column elementor-col-50 elementor-top-column elementor-element elementor-element-17340c3\" data-id=\"17340c3\" data-element_type=\"column\">\n\t\t\t<div class=\"elementor-widget-wrap elementor-element-populated\">\n\t\t\t\t\t\t<div class=\"elementor-element elementor-element-a1b2d40 elementor-widget elementor-widget-image\" data-id=\"a1b2d40\" data-element_type=\"widget\" data-widget_type=\"image.default\">\n\t\t\t\t<div class=\"elementor-widget-container\">\n\t\t\t\t\t\t\t\t\t\t\t\t\t<img decoding=\"async\" src=\"https:\/\/www.data.ludonaute.fr\/Colt_Express_Big_Box\/SILK\/IMG_5268.jpg\" title=\"\" alt=\"\" loading=\"lazy\" \/>\t\t\t\t\t\t\t\t\t\t\t\t\t<\/div>\n\t\t\t\t<\/div>\n\t\t\t\t\t<\/div>\n\t\t<\/div>\n\t\t\t\t\t<\/div>\n\t\t<\/section>\n\t\t\t\t<section class=\"elementor-section elementor-top-section elementor-element elementor-element-594f213 elementor-section-content-middle elementor-section-boxed elementor-section-height-default elementor-section-height-default\" data-id=\"594f213\" data-element_type=\"section\">\n\t\t\t\t\t\t<div class=\"elementor-container elementor-column-gap-default\">\n\t\t\t\t\t<div class=\"elementor-column elementor-col-50 elementor-top-column elementor-element elementor-element-083aedb\" data-id=\"083aedb\" data-element_type=\"column\">\n\t\t\t<div class=\"elementor-widget-wrap elementor-element-populated\">\n\t\t\t\t\t\t<div class=\"elementor-element elementor-element-550ccb7e elementor-widget elementor-widget-text-editor\" data-id=\"550ccb7e\" data-element_type=\"widget\" data-widget_type=\"text-editor.default\">\n\t\t\t\t<div class=\"elementor-widget-container\">\n\t\t\t\t\t\t\t<div id=\"product-description-short-119\"><p><a style=\"font-style: inherit; font-weight: inherit; background-color: #ffffff;\" href=\"https:\/\/www.data.ludonaute.fr\/Colt_Express_Big_Box\/SILK\/FR_Regles_Silk.jpg\">T\u00e9l\u00e9chargez les r\u00e8gles ici.<\/a><\/p><p>Mat\u00e9riel :<\/p><ul><li>13 cartes Action<\/li><li>1 carte Wanted<\/li><li>1 carte Objectif de capture<\/li><li>6 cartes Balle<\/li><li>1 carte Personnage<\/li><li>1 fiche Personnage<\/li><li>1 pion Bandit<\/li><li>1 pion Cheval<\/li><\/ul><\/div>\t\t\t\t\t\t<\/div>\n\t\t\t\t<\/div>\n\t\t\t\t\t<\/div>\n\t\t<\/div>\n\t\t\t\t<div class=\"elementor-column elementor-col-50 elementor-top-column elementor-element elementor-element-61a3462\" data-id=\"61a3462\" data-element_type=\"column\">\n\t\t\t<div class=\"elementor-widget-wrap elementor-element-populated\">\n\t\t\t\t\t\t<div class=\"elementor-element elementor-element-a96f45a elementor-widget elementor-widget-image\" data-id=\"a96f45a\" data-element_type=\"widget\" data-widget_type=\"image.default\">\n\t\t\t\t<div class=\"elementor-widget-container\">\n\t\t\t\t\t\t\t\t\t\t\t\t\t<img decoding=\"async\" src=\"https:\/\/www.data.ludonaute.fr\/Colt_Express_Big_Box\/SILK\/IMG_5231.jpg\" title=\"\" alt=\"\" loading=\"lazy\" \/>\t\t\t\t\t\t\t\t\t\t\t\t\t<\/div>\n\t\t\t\t<\/div>\n\t\t\t\t\t<\/div>\n\t\t<\/div>\n\t\t\t\t\t<\/div>\n\t\t<\/section>\n\t\t\t\t<\/div>\n\t\t","protected":false},"excerpt":{"rendered":"<p>An additional Bandit for Colt Express.\nNobody really knows who Silk is.<\/p>","protected":false},"featured_media":1578,"template":"","meta":{"site-sidebar-layout":"default","site-content-layout":"default","ast-global-header-display":"","ast-banner-title-visibility":"","ast-main-header-display":"","ast-hfb-above-header-display":"","ast-hfb-below-header-display":"","ast-hfb-mobile-header-display":"","site-post-title":"","ast-breadcrumbs-content":"","ast-featured-img":"","footer-sml-layout":"","theme-transparent-header-meta":"default","adv-header-id-meta":"","stick-header-meta":"","header-above-stick-meta":"","header-main-stick-meta":"","header-below-stick-meta":""},"product_brand":[],"product_cat":[25,31,48],"product_tag":[],"class_list":{"0":"post-1577","1":"product","2":"type-product","3":"status-publish","4":"has-post-thumbnail","6":"product_cat-coltexpress","7":"product_cat-goodies","8":"product_cat-tycoon","9":"desktop-align-center","10":"tablet-align-left","11":"mobile-align-left","13":"first","14":"outofstock","15":"taxable","16":"shipping-taxable","17":"purchasable","18":"product-type-simple"},"_links":{"self":[{"href":"https:\/\/www.ludonaute.fr\/en\/wp-json\/wp\/v2\/product\/1577","targetHints":{"allow":["GET"]}}],"collection":[{"href":"https:\/\/www.ludonaute.fr\/en\/wp-json\/wp\/v2\/product"}],"about":[{"href":"https:\/\/www.ludonaute.fr\/en\/wp-json\/wp\/v2\/types\/product"}],"version-history":[{"count":13,"href":"https:\/\/www.ludonaute.fr\/en\/wp-json\/wp\/v2\/product\/1577\/revisions"}],"predecessor-version":[{"id":5757,"href":"https:\/\/www.ludonaute.fr\/en\/wp-json\/wp\/v2\/product\/1577\/revisions\/5757"}],"wp:featuredmedia":[{"embeddable":true,"href":"https:\/\/www.ludonaute.fr\/en\/wp-json\/wp\/v2\/media\/1578"}],"wp:attachment":[{"href":"https:\/\/www.ludonaute.fr\/en\/wp-json\/wp\/v2\/media?parent=1577"}],"wp:term":[{"taxonomy":"product_brand","embeddable":true,"href":"https:\/\/www.ludonaute.fr\/en\/wp-json\/wp\/v2\/product_brand?post=1577"},{"taxonomy":"product_cat","embeddable":true,"href":"https:\/\/www.ludonaute.fr\/en\/wp-json\/wp\/v2\/product_cat?post=1577"},{"taxonomy":"product_tag","embeddable":true,"href":"https:\/\/www.ludonaute.fr\/en\/wp-json\/wp\/v2\/product_tag?post=1577"}],"curies":[{"name":"wp","href":"https:\/\/api.w.org\/{rel}","templated":true}]}}