{"id":1563,"date":"2023-07-12T09:06:02","date_gmt":"2023-07-12T07:06:02","guid":{"rendered":"https:\/\/test.ludonaute.fr\/?post_type=product&#038;p=1563"},"modified":"2025-09-11T18:04:38","modified_gmt":"2025-09-11T16:04:38","slug":"voiture-a-voyager-dans-le-temps-pour-colt-super-express","status":"publish","type":"product","link":"https:\/\/www.ludonaute.fr\/en\/product\/voiture-a-voyager-dans-le-temps-pour-colt-super-express\/","title":{"rendered":"Voiture \u00e0 voyager dans le temps pour Colt Super Express"},"content":{"rendered":"\t\t<div data-elementor-type=\"product-post\" data-elementor-id=\"1563\" class=\"elementor elementor-1563\">\n\t\t\t\t\t\t<section class=\"elementor-section elementor-top-section elementor-element elementor-element-b78750e elementor-section-boxed elementor-section-height-default elementor-section-height-default\" data-id=\"b78750e\" data-element_type=\"section\">\n\t\t\t\t\t\t<div class=\"elementor-container elementor-column-gap-default\">\n\t\t\t\t\t<div class=\"elementor-column elementor-col-50 elementor-top-column elementor-element elementor-element-35118a09\" data-id=\"35118a09\" data-element_type=\"column\">\n\t\t\t<div class=\"elementor-widget-wrap elementor-element-populated\">\n\t\t\t\t\t\t<div class=\"elementor-element elementor-element-216eddd8 yes elementor-widget elementor-widget-woocommerce-product-images\" data-id=\"216eddd8\" data-element_type=\"widget\" data-widget_type=\"woocommerce-product-images.default\">\n\t\t\t\t<div class=\"elementor-widget-container\">\n\t\t\t<link rel=\"stylesheet\" href=\"https:\/\/www.ludonaute.fr\/wp-content\/plugins\/elementor-pro\/assets\/css\/widget-woocommerce.min.css\"><div class=\"woocommerce-product-gallery woocommerce-product-gallery--with-images woocommerce-product-gallery--columns-4 images\" data-columns=\"4\" style=\"opacity: 0; transition: opacity .25s ease-in-out;\">\n\t<div class=\"woocommerce-product-gallery__wrapper\">\n\t\t<div data-thumb=\"https:\/\/www.ludonaute.fr\/wp-content\/uploads\/2023\/07\/voiture-a-voyager-dans-le-temps-pour-colt-super-express-100x100.jpg\" data-thumb-alt=\"Voiture \u00e0 voyager dans le temps pour Colt Super Express\" data-thumb-srcset=\"https:\/\/www.ludonaute.fr\/wp-content\/uploads\/2023\/07\/voiture-a-voyager-dans-le-temps-pour-colt-super-express-100x100.jpg 100w, https:\/\/www.ludonaute.fr\/wp-content\/uploads\/2023\/07\/voiture-a-voyager-dans-le-temps-pour-colt-super-express-300x300.jpg 300w, https:\/\/www.ludonaute.fr\/wp-content\/uploads\/2023\/07\/voiture-a-voyager-dans-le-temps-pour-colt-super-express-600x600.jpg 600w, https:\/\/www.ludonaute.fr\/wp-content\/uploads\/2023\/07\/voiture-a-voyager-dans-le-temps-pour-colt-super-express-150x150.jpg 150w, https:\/\/www.ludonaute.fr\/wp-content\/uploads\/2023\/07\/voiture-a-voyager-dans-le-temps-pour-colt-super-express-768x768.jpg 768w, https:\/\/www.ludonaute.fr\/wp-content\/uploads\/2023\/07\/voiture-a-voyager-dans-le-temps-pour-colt-super-express.jpg 800w\"  data-thumb-sizes=\"(max-width: 100px) 100vw, 100px\" class=\"woocommerce-product-gallery__image\"><a href=\"https:\/\/www.ludonaute.fr\/wp-content\/uploads\/2023\/07\/voiture-a-voyager-dans-le-temps-pour-colt-super-express.jpg\"><img fetchpriority=\"high\" decoding=\"async\" width=\"600\" height=\"600\" src=\"https:\/\/www.ludonaute.fr\/wp-content\/uploads\/2023\/07\/voiture-a-voyager-dans-le-temps-pour-colt-super-express-600x600.jpg\" class=\"wp-post-image\" alt=\"Voiture \u00e0 voyager dans le temps pour Colt Super Express\" data-caption=\"\" data-src=\"https:\/\/www.ludonaute.fr\/wp-content\/uploads\/2023\/07\/voiture-a-voyager-dans-le-temps-pour-colt-super-express.jpg\" data-large_image=\"https:\/\/www.ludonaute.fr\/wp-content\/uploads\/2023\/07\/voiture-a-voyager-dans-le-temps-pour-colt-super-express.jpg\" data-large_image_width=\"800\" data-large_image_height=\"800\" srcset=\"https:\/\/www.ludonaute.fr\/wp-content\/uploads\/2023\/07\/voiture-a-voyager-dans-le-temps-pour-colt-super-express-600x600.jpg 600w, https:\/\/www.ludonaute.fr\/wp-content\/uploads\/2023\/07\/voiture-a-voyager-dans-le-temps-pour-colt-super-express-300x300.jpg 300w, https:\/\/www.ludonaute.fr\/wp-content\/uploads\/2023\/07\/voiture-a-voyager-dans-le-temps-pour-colt-super-express-100x100.jpg 100w, https:\/\/www.ludonaute.fr\/wp-content\/uploads\/2023\/07\/voiture-a-voyager-dans-le-temps-pour-colt-super-express-150x150.jpg 150w, https:\/\/www.ludonaute.fr\/wp-content\/uploads\/2023\/07\/voiture-a-voyager-dans-le-temps-pour-colt-super-express-768x768.jpg 768w, https:\/\/www.ludonaute.fr\/wp-content\/uploads\/2023\/07\/voiture-a-voyager-dans-le-temps-pour-colt-super-express.jpg 800w\" sizes=\"(max-width: 600px) 100vw, 600px\" \/><\/a><\/div>\t<\/div>\n<\/div>\n\t\t<\/div>\n\t\t\t\t<\/div>\n\t\t\t\t\t<\/div>\n\t\t<\/div>\n\t\t\t\t<div class=\"elementor-column elementor-col-50 elementor-top-column elementor-element elementor-element-144a7d9f\" data-id=\"144a7d9f\" data-element_type=\"column\">\n\t\t\t<div class=\"elementor-widget-wrap elementor-element-populated\">\n\t\t\t\t\t\t<div class=\"elementor-element elementor-element-2558b34c elementor-widget elementor-widget-woocommerce-breadcrumb\" data-id=\"2558b34c\" data-element_type=\"widget\" data-widget_type=\"woocommerce-breadcrumb.default\">\n\t\t\t\t<div class=\"elementor-widget-container\">\n\t\t\t<nav class=\"woocommerce-breadcrumb\" aria-label=\"Breadcrumb\">Accueil<\/nav>\t\t<\/div>\n\t\t\t\t<\/div>\n\t\t\t\t<div class=\"elementor-element elementor-element-6f86a938 elementor-widget elementor-widget-woocommerce-product-title elementor-page-title elementor-widget-heading\" data-id=\"6f86a938\" data-element_type=\"widget\" data-widget_type=\"woocommerce-product-title.default\">\n\t\t\t\t<div class=\"elementor-widget-container\">\n\t\t\t<style>\/*! elementor - v3.23.0 - 05-08-2024 *\/\n.elementor-heading-title{padding:0;margin:0;line-height:1}.elementor-widget-heading .elementor-heading-title[class*=elementor-size-]>a{color:inherit;font-size:inherit;line-height:inherit}.elementor-widget-heading .elementor-heading-title.elementor-size-small{font-size:15px}.elementor-widget-heading .elementor-heading-title.elementor-size-medium{font-size:19px}.elementor-widget-heading .elementor-heading-title.elementor-size-large{font-size:29px}.elementor-widget-heading .elementor-heading-title.elementor-size-xl{font-size:39px}.elementor-widget-heading .elementor-heading-title.elementor-size-xxl{font-size:59px}<\/style><h1 class=\"product_title entry-title elementor-heading-title elementor-size-default\">Voiture \u00e0 voyager dans le temps pour Colt Super Express<\/h1>\t\t<\/div>\n\t\t\t\t<\/div>\n\t\t\t\t<div class=\"elementor-element elementor-element-2d23f440 elementor-woo-meta--view-inline elementor-widget elementor-widget-woocommerce-product-meta\" data-id=\"2d23f440\" data-element_type=\"widget\" data-widget_type=\"woocommerce-product-meta.default\">\n\t\t\t\t<div class=\"elementor-widget-container\">\n\t\t\t\t\t<div class=\"product_meta\">\n\n\t\t\t\n\t\t\t\n\t\t\t\t\t\t\t<span class=\"posted_in detail-container\"><span class=\"detail-label\">-<\/span> <span class=\"detail-content\"><a href=\"https:\/\/www.ludonaute.fr\/en\/product-category\/goodies\/\" rel=\"tag\">Goodies<\/a><\/span><\/span>\n\t\t\t\n\t\t\t\n\t\t\t\n\t\t<\/div>\n\t\t\t\t<\/div>\n\t\t\t\t<\/div>\n\t\t\t\t<div class=\"elementor-element elementor-element-34a41119 elementor-widget elementor-widget-woocommerce-product-short-description\" data-id=\"34a41119\" data-element_type=\"widget\" data-widget_type=\"woocommerce-product-short-description.default\">\n\t\t\t\t<div class=\"elementor-widget-container\">\n\t\t\t<div class=\"woocommerce-product-details__short-description\">\n\t<p>Cette voiture vous permet de voyager dans le temps et ainsi de vous retrouver l\u00e0 o\u00f9 personne ne vous attend&#8230;<\/p>\n<\/div>\n\t\t<\/div>\n\t\t\t\t<\/div>\n\t\t\t\t<div class=\"elementor-element elementor-element-2d7775ef elementor-widget elementor-widget-woocommerce-product-price\" data-id=\"2d7775ef\" data-element_type=\"widget\" data-widget_type=\"woocommerce-product-price.default\">\n\t\t\t\t<div class=\"elementor-widget-container\">\n\t\t\t<p class=\"price\"><span class=\"woocommerce-Price-amount amount\"><bdi>1,00&nbsp;<span class=\"woocommerce-Price-currencySymbol\">&euro;<\/span><\/bdi><\/span><\/p>\n\t\t<\/div>\n\t\t\t\t<\/div>\n\t\t\t\t<div class=\"elementor-element elementor-element-2197cec5 elementor-widget elementor-widget-woocommerce-product-stock\" data-id=\"2197cec5\" data-element_type=\"widget\" data-widget_type=\"woocommerce-product-stock.default\">\n\t\t\t\t<div class=\"elementor-widget-container\">\n\t\t\t<p class=\"stock out-of-stock\">Out of stock<\/p>\n\t\t<\/div>\n\t\t\t\t<\/div>\n\t\t\t\t<div class=\"elementor-element elementor-element-7508ba96 elementor-widget elementor-widget-wc-add-to-cart\" data-id=\"7508ba96\" data-element_type=\"widget\" data-widget_type=\"wc-add-to-cart.default\">\n\t\t\t\t<div class=\"elementor-widget-container\">\n\t\t\t\t\t<div class=\"elementor-button-wrapper\">\n\t\t\t<a class=\"elementor-button elementor-size-sm\" role=\"button\">\n\t\t\t\t\t\t<span class=\"elementor-button-content-wrapper\">\n\t\t\t\t\t\t<span class=\"elementor-button-icon\">\n\t\t\t\t<i aria-hidden=\"true\" class=\"fas fa-shopping-cart\"><\/i>\t\t\t<\/span>\n\t\t\t\t\t\t\t\t<\/span>\n\t\t\t\t\t<\/a>\n\t\t<\/div>\n\t\t\t\t<\/div>\n\t\t\t\t<\/div>\n\t\t\t\t\t<\/div>\n\t\t<\/div>\n\t\t\t\t\t<\/div>\n\t\t<\/section>\n\t\t\t\t<section class=\"elementor-section elementor-top-section elementor-element elementor-element-3fc881d9 elementor-section-boxed elementor-section-height-default elementor-section-height-default\" data-id=\"3fc881d9\" data-element_type=\"section\">\n\t\t\t\t\t\t<div class=\"elementor-container elementor-column-gap-default\">\n\t\t\t\t\t<div class=\"elementor-column elementor-col-100 elementor-top-column elementor-element elementor-element-6a6342bd\" data-id=\"6a6342bd\" data-element_type=\"column\">\n\t\t\t<div class=\"elementor-widget-wrap elementor-element-populated\">\n\t\t\t\t\t\t<div class=\"elementor-element elementor-element-22688bf4 elementor-widget elementor-widget-text-editor\" data-id=\"22688bf4\" data-element_type=\"widget\" data-widget_type=\"text-editor.default\">\n\t\t\t\t<div class=\"elementor-widget-container\">\n\t\t\t<style>\/*! elementor - v3.23.0 - 05-08-2024 *\/\n.elementor-widget-text-editor.elementor-drop-cap-view-stacked .elementor-drop-cap{background-color:#69727d;color:#fff}.elementor-widget-text-editor.elementor-drop-cap-view-framed .elementor-drop-cap{color:#69727d;border:3px solid;background-color:transparent}.elementor-widget-text-editor:not(.elementor-drop-cap-view-default) .elementor-drop-cap{margin-top:8px}.elementor-widget-text-editor:not(.elementor-drop-cap-view-default) .elementor-drop-cap-letter{width:1em;height:1em}.elementor-widget-text-editor .elementor-drop-cap{float:left;text-align:center;line-height:1;font-size:50px}.elementor-widget-text-editor .elementor-drop-cap-letter{display:inline-block}<\/style>\t\t\t\t<p>Goodies pour le Jeu Colt Super Express.<\/p><p>T\u00e9l\u00e9chargez les r\u00e8gles\u00a0<a href=\"https:\/\/www.data.ludonaute.fr\/Colt_Super_Express\/RULES\/TIMETRAVELCAR_RULES\/FR_TIMETRAVELCAR_rules.pdf\">ici<\/a>.<\/p><p>Cette voiture vous permet de voyager dans le temps et ainsi de vous retrouver l\u00e0 o\u00f9 personne ne vous attend&#8230;<\/p>\t\t\t\t\t\t<\/div>\n\t\t\t\t<\/div>\n\t\t\t\t\t<\/div>\n\t\t<\/div>\n\t\t\t\t\t<\/div>\n\t\t<\/section>\n\t\t\t\t<\/div>\n\t\t","protected":false},"excerpt":{"rendered":"<p>Cette voiture vous permet de voyager dans le temps et ainsi de vous retrouver l\u00e0 o\u00f9 personne ne vous attend&#8230;<\/p>","protected":false},"featured_media":1564,"template":"","meta":{"site-sidebar-layout":"default","site-content-layout":"default","ast-global-header-display":"","ast-banner-title-visibility":"","ast-main-header-display":"","ast-hfb-above-header-display":"","ast-hfb-below-header-display":"","ast-hfb-mobile-header-display":"","site-post-title":"","ast-breadcrumbs-content":"","ast-featured-img":"","footer-sml-layout":"","theme-transparent-header-meta":"default","adv-header-id-meta":"","stick-header-meta":"","header-above-stick-meta":"","header-main-stick-meta":"","header-below-stick-meta":""},"product_brand":[],"product_cat":[31],"product_tag":[],"class_list":{"0":"post-1563","1":"product","2":"type-product","3":"status-publish","4":"has-post-thumbnail","6":"product_cat-goodies","7":"desktop-align-center","8":"tablet-align-left","9":"mobile-align-left","11":"first","12":"outofstock","13":"taxable","14":"shipping-taxable","15":"purchasable","16":"product-type-simple"},"_links":{"self":[{"href":"https:\/\/www.ludonaute.fr\/en\/wp-json\/wp\/v2\/product\/1563","targetHints":{"allow":["GET"]}}],"collection":[{"href":"https:\/\/www.ludonaute.fr\/en\/wp-json\/wp\/v2\/product"}],"about":[{"href":"https:\/\/www.ludonaute.fr\/en\/wp-json\/wp\/v2\/types\/product"}],"version-history":[{"count":7,"href":"https:\/\/www.ludonaute.fr\/en\/wp-json\/wp\/v2\/product\/1563\/revisions"}],"predecessor-version":[{"id":5801,"href":"https:\/\/www.ludonaute.fr\/en\/wp-json\/wp\/v2\/product\/1563\/revisions\/5801"}],"wp:featuredmedia":[{"embeddable":true,"href":"https:\/\/www.ludonaute.fr\/en\/wp-json\/wp\/v2\/media\/1564"}],"wp:attachment":[{"href":"https:\/\/www.ludonaute.fr\/en\/wp-json\/wp\/v2\/media?parent=1563"}],"wp:term":[{"taxonomy":"product_brand","embeddable":true,"href":"https:\/\/www.ludonaute.fr\/en\/wp-json\/wp\/v2\/product_brand?post=1563"},{"taxonomy":"product_cat","embeddable":true,"href":"https:\/\/www.ludonaute.fr\/en\/wp-json\/wp\/v2\/product_cat?post=1563"},{"taxonomy":"product_tag","embeddable":true,"href":"https:\/\/www.ludonaute.fr\/en\/wp-json\/wp\/v2\/product_tag?post=1563"}],"curies":[{"name":"wp","href":"https:\/\/api.w.org\/{rel}","templated":true}]}}