{"id":2430,"date":"2023-08-24T02:30:55","date_gmt":"2023-08-24T00:30:55","guid":{"rendered":"https:\/\/www.ludonaute.fr\/?page_id=2430"},"modified":"2023-08-24T02:32:46","modified_gmt":"2023-08-24T00:32:46","slug":"offrandes-downloads","status":"publish","type":"page","link":"https:\/\/www.ludonaute.fr\/en\/offrandes-downloads\/","title":{"rendered":"Offrandes : Downloads"},"content":{"rendered":"\t\t<div data-elementor-type=\"wp-page\" data-elementor-id=\"2430\" class=\"elementor elementor-2430\">\n\t\t\t\t\t\t<section class=\"elementor-section elementor-top-section elementor-element elementor-element-567959dd elementor-section-boxed elementor-section-height-default elementor-section-height-default\" data-id=\"567959dd\" data-element_type=\"section\">\n\t\t\t\t\t\t<div class=\"elementor-container elementor-column-gap-default\">\n\t\t\t\t\t<div class=\"elementor-column elementor-col-100 elementor-top-column elementor-element elementor-element-26221ea3\" data-id=\"26221ea3\" data-element_type=\"column\">\n\t\t\t<div class=\"elementor-widget-wrap elementor-element-populated\">\n\t\t\t\t\t\t<div class=\"elementor-element elementor-element-7ef1112e elementor-widget elementor-widget-image\" data-id=\"7ef1112e\" data-element_type=\"widget\" data-widget_type=\"image.default\">\n\t\t\t\t<div class=\"elementor-widget-container\">\n\t\t\t<style>\/*! elementor - v3.23.0 - 05-08-2024 *\/\n.elementor-widget-image{text-align:center}.elementor-widget-image a{display:inline-block}.elementor-widget-image a img[src$=\".svg\"]{width:48px}.elementor-widget-image img{vertical-align:middle;display:inline-block}<\/style>\t\t\t\t\t\t\t\t\t\t<img decoding=\"async\" src=\"https:\/\/test.ludonaute.fr\/wp-content\/uploads\/2018\/06\/offrandes-title-300x43.png\" title=\"\" alt=\"\" loading=\"lazy\" \/>\t\t\t\t\t\t\t\t\t\t\t\t\t<\/div>\n\t\t\t\t<\/div>\n\t\t\t\t\t<\/div>\n\t\t<\/div>\n\t\t\t\t\t<\/div>\n\t\t<\/section>\n\t\t\t\t<section class=\"elementor-section elementor-top-section elementor-element elementor-element-30f260b2 elementor-section-boxed elementor-section-height-default elementor-section-height-default\" data-id=\"30f260b2\" data-element_type=\"section\">\n\t\t\t\t\t\t<div class=\"elementor-container elementor-column-gap-default\">\n\t\t\t\t\t<div class=\"elementor-column elementor-col-100 elementor-top-column elementor-element elementor-element-63940975\" data-id=\"63940975\" data-element_type=\"column\">\n\t\t\t<div class=\"elementor-widget-wrap elementor-element-populated\">\n\t\t\t\t\t\t<div class=\"elementor-element elementor-element-6baf532f elementor-widget elementor-widget-heading\" data-id=\"6baf532f\" data-element_type=\"widget\" data-widget_type=\"heading.default\">\n\t\t\t\t<div class=\"elementor-widget-container\">\n\t\t\t<style>\/*! elementor - v3.23.0 - 05-08-2024 *\/\n.elementor-heading-title{padding:0;margin:0;line-height:1}.elementor-widget-heading .elementor-heading-title[class*=elementor-size-]>a{color:inherit;font-size:inherit;line-height:inherit}.elementor-widget-heading .elementor-heading-title.elementor-size-small{font-size:15px}.elementor-widget-heading .elementor-heading-title.elementor-size-medium{font-size:19px}.elementor-widget-heading .elementor-heading-title.elementor-size-large{font-size:29px}.elementor-widget-heading .elementor-heading-title.elementor-size-xl{font-size:39px}.elementor-widget-heading .elementor-heading-title.elementor-size-xxl{font-size:59px}<\/style><h4 class=\"elementor-heading-title elementor-size-default\">R\u00e8gles<\/h4>\t\t<\/div>\n\t\t\t\t<\/div>\n\t\t\t\t\t<\/div>\n\t\t<\/div>\n\t\t\t\t\t<\/div>\n\t\t<\/section>\n\t\t\t\t<section class=\"elementor-section elementor-top-section elementor-element elementor-element-1d954ff2 elementor-section-boxed elementor-section-height-default elementor-section-height-default\" data-id=\"1d954ff2\" data-element_type=\"section\">\n\t\t\t\t\t\t<div class=\"elementor-container elementor-column-gap-default\">\n\t\t\t\t\t<div class=\"elementor-column elementor-col-16 elementor-top-column elementor-element elementor-element-3056cf1e\" data-id=\"3056cf1e\" data-element_type=\"column\">\n\t\t\t<div class=\"elementor-widget-wrap elementor-element-populated\">\n\t\t\t\t\t\t<div class=\"elementor-element elementor-element-731f22ff elementor-widget elementor-widget-image\" data-id=\"731f22ff\" data-element_type=\"widget\" data-widget_type=\"image.default\">\n\t\t\t\t<div class=\"elementor-widget-container\">\n\t\t\t\t\t\t\t\t\t\t\t\t\t\t<a href=\"https:\/\/www.data.ludonaute.fr\/offrandes\/RULES\/Offrandes_Rules_FR.pdf\">\n\t\t\t\t\t\t\t<img fetchpriority=\"high\" decoding=\"async\" width=\"300\" height=\"200\" src=\"https:\/\/www.ludonaute.fr\/wp-content\/uploads\/2023\/07\/Flag_of_France.svg_-300x200-1.png\" class=\"attachment-large size-large wp-image-1927\" alt=\"\" srcset=\"https:\/\/www.ludonaute.fr\/wp-content\/uploads\/2023\/07\/Flag_of_France.svg_-300x200-1.png 300w, https:\/\/www.ludonaute.fr\/wp-content\/uploads\/2023\/07\/Flag_of_France.svg_-300x200-1-18x12.png 18w\" sizes=\"(max-width: 300px) 100vw, 300px\" \/>\t\t\t\t\t\t\t\t<\/a>\n\t\t\t\t\t\t\t\t\t\t\t\t\t<\/div>\n\t\t\t\t<\/div>\n\t\t\t\t<div class=\"elementor-element elementor-element-4039091a elementor-widget elementor-widget-text-editor\" data-id=\"4039091a\" data-element_type=\"widget\" data-widget_type=\"text-editor.default\">\n\t\t\t\t<div class=\"elementor-widget-container\">\n\t\t\t<style>\/*! elementor - v3.23.0 - 05-08-2024 *\/\n.elementor-widget-text-editor.elementor-drop-cap-view-stacked .elementor-drop-cap{background-color:#69727d;color:#fff}.elementor-widget-text-editor.elementor-drop-cap-view-framed .elementor-drop-cap{color:#69727d;border:3px solid;background-color:transparent}.elementor-widget-text-editor:not(.elementor-drop-cap-view-default) .elementor-drop-cap{margin-top:8px}.elementor-widget-text-editor:not(.elementor-drop-cap-view-default) .elementor-drop-cap-letter{width:1em;height:1em}.elementor-widget-text-editor .elementor-drop-cap{float:left;text-align:center;line-height:1;font-size:50px}.elementor-widget-text-editor .elementor-drop-cap-letter{display:inline-block}<\/style>\t\t\t\t<p>Fran\u00e7ais<\/p>\t\t\t\t\t\t<\/div>\n\t\t\t\t<\/div>\n\t\t\t\t\t<\/div>\n\t\t<\/div>\n\t\t\t\t<div class=\"elementor-column elementor-col-16 elementor-top-column elementor-element elementor-element-e636495\" data-id=\"e636495\" data-element_type=\"column\">\n\t\t\t<div class=\"elementor-widget-wrap elementor-element-populated\">\n\t\t\t\t\t\t<div class=\"elementor-element elementor-element-368d8bed elementor-widget elementor-widget-image\" data-id=\"368d8bed\" data-element_type=\"widget\" data-widget_type=\"image.default\">\n\t\t\t\t<div class=\"elementor-widget-container\">\n\t\t\t\t\t\t\t\t\t\t\t\t\t\t<a href=\"https:\/\/www.data.ludonaute.fr\/offrandes\/RULES\/Offrandes_Rules_EN.pdf\">\n\t\t\t\t\t\t\t<img decoding=\"async\" width=\"300\" height=\"200\" src=\"https:\/\/www.ludonaute.fr\/wp-content\/uploads\/2023\/07\/Flag_lg_EN-300x200-1.jpg\" class=\"attachment-large size-large wp-image-1953\" alt=\"\" srcset=\"https:\/\/www.ludonaute.fr\/wp-content\/uploads\/2023\/07\/Flag_lg_EN-300x200-1.jpg 300w, https:\/\/www.ludonaute.fr\/wp-content\/uploads\/2023\/07\/Flag_lg_EN-300x200-1-18x12.jpg 18w\" sizes=\"(max-width: 300px) 100vw, 300px\" \/>\t\t\t\t\t\t\t\t<\/a>\n\t\t\t\t\t\t\t\t\t\t\t\t\t<\/div>\n\t\t\t\t<\/div>\n\t\t\t\t<div class=\"elementor-element elementor-element-15977004 elementor-widget elementor-widget-text-editor\" data-id=\"15977004\" data-element_type=\"widget\" data-widget_type=\"text-editor.default\">\n\t\t\t\t<div class=\"elementor-widget-container\">\n\t\t\t\t\t\t\t<p>English<\/p>\t\t\t\t\t\t<\/div>\n\t\t\t\t<\/div>\n\t\t\t\t\t<\/div>\n\t\t<\/div>\n\t\t\t\t<div class=\"elementor-column elementor-col-16 elementor-top-column elementor-element elementor-element-388b262b\" data-id=\"388b262b\" data-element_type=\"column\">\n\t\t\t<div class=\"elementor-widget-wrap elementor-element-populated\">\n\t\t\t\t\t\t<div class=\"elementor-element elementor-element-620c068a elementor-widget elementor-widget-image\" data-id=\"620c068a\" data-element_type=\"widget\" data-widget_type=\"image.default\">\n\t\t\t\t<div class=\"elementor-widget-container\">\n\t\t\t\t\t\t\t\t\t\t\t\t\t\t<a href=\"https:\/\/www.data.ludonaute.fr\/offrandes\/RULES\/Offrandes_Rules_DE.pdf\">\n\t\t\t\t\t\t\t<img decoding=\"async\" width=\"300\" height=\"200\" src=\"https:\/\/www.ludonaute.fr\/wp-content\/uploads\/2023\/07\/Flag_of_Germany.svg_-300x200-1.jpg\" class=\"attachment-large size-large wp-image-1960\" alt=\"\" srcset=\"https:\/\/www.ludonaute.fr\/wp-content\/uploads\/2023\/07\/Flag_of_Germany.svg_-300x200-1.jpg 300w, https:\/\/www.ludonaute.fr\/wp-content\/uploads\/2023\/07\/Flag_of_Germany.svg_-300x200-1-18x12.jpg 18w\" sizes=\"(max-width: 300px) 100vw, 300px\" \/>\t\t\t\t\t\t\t\t<\/a>\n\t\t\t\t\t\t\t\t\t\t\t\t\t<\/div>\n\t\t\t\t<\/div>\n\t\t\t\t<div class=\"elementor-element elementor-element-2d1703dd elementor-widget elementor-widget-text-editor\" data-id=\"2d1703dd\" data-element_type=\"widget\" data-widget_type=\"text-editor.default\">\n\t\t\t\t<div class=\"elementor-widget-container\">\n\t\t\t\t\t\t\t<p>German<\/p>\t\t\t\t\t\t<\/div>\n\t\t\t\t<\/div>\n\t\t\t\t\t<\/div>\n\t\t<\/div>\n\t\t\t\t<div class=\"elementor-column elementor-col-16 elementor-top-column elementor-element elementor-element-7bca55c6\" data-id=\"7bca55c6\" data-element_type=\"column\">\n\t\t\t<div class=\"elementor-widget-wrap elementor-element-populated\">\n\t\t\t\t\t\t<div class=\"elementor-element elementor-element-5a78dff0 elementor-widget elementor-widget-image\" data-id=\"5a78dff0\" data-element_type=\"widget\" data-widget_type=\"image.default\">\n\t\t\t\t<div class=\"elementor-widget-container\">\n\t\t\t\t\t\t\t\t\t\t\t\t\t\t<a href=\"https:\/\/www.data.ludonaute.fr\/offrandes\/RULES\/Offrandes_Rules_SP.pdf\">\n\t\t\t\t\t\t\t<img loading=\"lazy\" decoding=\"async\" width=\"300\" height=\"200\" src=\"https:\/\/www.ludonaute.fr\/wp-content\/uploads\/2023\/07\/Flag_of_Spain.svg_-300x200-1.jpg\" class=\"attachment-large size-large wp-image-1956\" alt=\"\" srcset=\"https:\/\/www.ludonaute.fr\/wp-content\/uploads\/2023\/07\/Flag_of_Spain.svg_-300x200-1.jpg 300w, https:\/\/www.ludonaute.fr\/wp-content\/uploads\/2023\/07\/Flag_of_Spain.svg_-300x200-1-18x12.jpg 18w\" sizes=\"(max-width: 300px) 100vw, 300px\" \/>\t\t\t\t\t\t\t\t<\/a>\n\t\t\t\t\t\t\t\t\t\t\t\t\t<\/div>\n\t\t\t\t<\/div>\n\t\t\t\t<div class=\"elementor-element elementor-element-5a796a17 elementor-widget elementor-widget-text-editor\" data-id=\"5a796a17\" data-element_type=\"widget\" data-widget_type=\"text-editor.default\">\n\t\t\t\t<div class=\"elementor-widget-container\">\n\t\t\t\t\t\t\t<p>Spanish<\/p>\t\t\t\t\t\t<\/div>\n\t\t\t\t<\/div>\n\t\t\t\t\t<\/div>\n\t\t<\/div>\n\t\t\t\t<div class=\"elementor-column elementor-col-16 elementor-top-column elementor-element elementor-element-60f53002\" data-id=\"60f53002\" data-element_type=\"column\">\n\t\t\t<div class=\"elementor-widget-wrap elementor-element-populated\">\n\t\t\t\t\t\t<div class=\"elementor-element elementor-element-1c9178c8 elementor-widget elementor-widget-image\" data-id=\"1c9178c8\" data-element_type=\"widget\" data-widget_type=\"image.default\">\n\t\t\t\t<div class=\"elementor-widget-container\">\n\t\t\t\t\t\t\t\t\t\t\t\t\t\t<a href=\"https:\/\/www.data.ludonaute.fr\/offrandes\/RULES\/Offrandes_Rules_NL.pdf\">\n\t\t\t\t\t\t\t<img loading=\"lazy\" decoding=\"async\" width=\"300\" height=\"200\" src=\"https:\/\/www.ludonaute.fr\/wp-content\/uploads\/2023\/07\/Flag_of_the_Netherlands.svg_-300x200-1.jpg\" class=\"attachment-large size-large wp-image-1955\" alt=\"\" srcset=\"https:\/\/www.ludonaute.fr\/wp-content\/uploads\/2023\/07\/Flag_of_the_Netherlands.svg_-300x200-1.jpg 300w, https:\/\/www.ludonaute.fr\/wp-content\/uploads\/2023\/07\/Flag_of_the_Netherlands.svg_-300x200-1-18x12.jpg 18w\" sizes=\"(max-width: 300px) 100vw, 300px\" \/>\t\t\t\t\t\t\t\t<\/a>\n\t\t\t\t\t\t\t\t\t\t\t\t\t<\/div>\n\t\t\t\t<\/div>\n\t\t\t\t<div class=\"elementor-element elementor-element-34ce1607 elementor-widget elementor-widget-text-editor\" data-id=\"34ce1607\" data-element_type=\"widget\" data-widget_type=\"text-editor.default\">\n\t\t\t\t<div class=\"elementor-widget-container\">\n\t\t\t\t\t\t\t<p>Dutch<\/p>\t\t\t\t\t\t<\/div>\n\t\t\t\t<\/div>\n\t\t\t\t\t<\/div>\n\t\t<\/div>\n\t\t\t\t<div class=\"elementor-column elementor-col-16 elementor-top-column elementor-element elementor-element-351b8dd5\" data-id=\"351b8dd5\" data-element_type=\"column\">\n\t\t\t<div class=\"elementor-widget-wrap\">\n\t\t\t\t\t\t\t<\/div>\n\t\t<\/div>\n\t\t\t\t\t<\/div>\n\t\t<\/section>\n\t\t\t\t<section class=\"elementor-section elementor-top-section elementor-element elementor-element-63e57284 elementor-section-boxed elementor-section-height-default elementor-section-height-default\" data-id=\"63e57284\" data-element_type=\"section\">\n\t\t\t\t\t\t<div class=\"elementor-container elementor-column-gap-default\">\n\t\t\t\t\t<div class=\"elementor-column elementor-col-100 elementor-top-column elementor-element elementor-element-78dc1306\" data-id=\"78dc1306\" data-element_type=\"column\">\n\t\t\t<div class=\"elementor-widget-wrap elementor-element-populated\">\n\t\t\t\t\t\t<div class=\"elementor-element elementor-element-23988972 elementor-widget elementor-widget-heading\" data-id=\"23988972\" data-element_type=\"widget\" data-widget_type=\"heading.default\">\n\t\t\t\t<div class=\"elementor-widget-container\">\n\t\t\t<h4 class=\"elementor-heading-title elementor-size-default\">R\u00e8gles 2 joueurs<\/h4>\t\t<\/div>\n\t\t\t\t<\/div>\n\t\t\t\t\t<\/div>\n\t\t<\/div>\n\t\t\t\t\t<\/div>\n\t\t<\/section>\n\t\t\t\t<section class=\"elementor-section elementor-top-section elementor-element elementor-element-b9cdeb7 elementor-section-boxed elementor-section-height-default elementor-section-height-default\" data-id=\"b9cdeb7\" data-element_type=\"section\">\n\t\t\t\t\t\t<div class=\"elementor-container elementor-column-gap-default\">\n\t\t\t\t\t<div class=\"elementor-column elementor-col-16 elementor-top-column elementor-element elementor-element-edea893\" data-id=\"edea893\" data-element_type=\"column\">\n\t\t\t<div class=\"elementor-widget-wrap elementor-element-populated\">\n\t\t\t\t\t\t<div class=\"elementor-element elementor-element-73c1523 elementor-widget elementor-widget-image\" data-id=\"73c1523\" data-element_type=\"widget\" data-widget_type=\"image.default\">\n\t\t\t\t<div class=\"elementor-widget-container\">\n\t\t\t\t\t\t\t\t\t\t\t\t\t\t<a href=\"https:\/\/www.data.ludonaute.fr\/offrandes\/RULES\/Offrandes_Rules_2players_FR.pdf\">\n\t\t\t\t\t\t\t<img fetchpriority=\"high\" decoding=\"async\" width=\"300\" height=\"200\" src=\"https:\/\/www.ludonaute.fr\/wp-content\/uploads\/2023\/07\/Flag_of_France.svg_-300x200-1.png\" class=\"attachment-large size-large wp-image-1927\" alt=\"\" srcset=\"https:\/\/www.ludonaute.fr\/wp-content\/uploads\/2023\/07\/Flag_of_France.svg_-300x200-1.png 300w, https:\/\/www.ludonaute.fr\/wp-content\/uploads\/2023\/07\/Flag_of_France.svg_-300x200-1-18x12.png 18w\" sizes=\"(max-width: 300px) 100vw, 300px\" \/>\t\t\t\t\t\t\t\t<\/a>\n\t\t\t\t\t\t\t\t\t\t\t\t\t<\/div>\n\t\t\t\t<\/div>\n\t\t\t\t<div class=\"elementor-element elementor-element-b0abeb0 elementor-widget elementor-widget-text-editor\" data-id=\"b0abeb0\" data-element_type=\"widget\" data-widget_type=\"text-editor.default\">\n\t\t\t\t<div class=\"elementor-widget-container\">\n\t\t\t\t\t\t\t<p>Fran\u00e7ais<\/p>\t\t\t\t\t\t<\/div>\n\t\t\t\t<\/div>\n\t\t\t\t\t<\/div>\n\t\t<\/div>\n\t\t\t\t<div class=\"elementor-column elementor-col-16 elementor-top-column elementor-element elementor-element-5ff41b1\" data-id=\"5ff41b1\" data-element_type=\"column\">\n\t\t\t<div class=\"elementor-widget-wrap elementor-element-populated\">\n\t\t\t\t\t\t<div class=\"elementor-element elementor-element-2cb21e8 elementor-widget elementor-widget-image\" data-id=\"2cb21e8\" data-element_type=\"widget\" data-widget_type=\"image.default\">\n\t\t\t\t<div class=\"elementor-widget-container\">\n\t\t\t\t\t\t\t\t\t\t\t\t\t\t<a href=\"https:\/\/www.data.ludonaute.fr\/offrandes\/RULES\/Offrandes_Rules_2players_EN.pdf\">\n\t\t\t\t\t\t\t<img decoding=\"async\" width=\"300\" height=\"200\" src=\"https:\/\/www.ludonaute.fr\/wp-content\/uploads\/2023\/07\/Flag_lg_EN-300x200-1.jpg\" class=\"attachment-large size-large wp-image-1953\" alt=\"\" srcset=\"https:\/\/www.ludonaute.fr\/wp-content\/uploads\/2023\/07\/Flag_lg_EN-300x200-1.jpg 300w, https:\/\/www.ludonaute.fr\/wp-content\/uploads\/2023\/07\/Flag_lg_EN-300x200-1-18x12.jpg 18w\" sizes=\"(max-width: 300px) 100vw, 300px\" \/>\t\t\t\t\t\t\t\t<\/a>\n\t\t\t\t\t\t\t\t\t\t\t\t\t<\/div>\n\t\t\t\t<\/div>\n\t\t\t\t<div class=\"elementor-element elementor-element-5b9d132 elementor-widget elementor-widget-text-editor\" data-id=\"5b9d132\" data-element_type=\"widget\" data-widget_type=\"text-editor.default\">\n\t\t\t\t<div class=\"elementor-widget-container\">\n\t\t\t\t\t\t\t<p>English<\/p>\t\t\t\t\t\t<\/div>\n\t\t\t\t<\/div>\n\t\t\t\t\t<\/div>\n\t\t<\/div>\n\t\t\t\t<div class=\"elementor-column elementor-col-16 elementor-top-column elementor-element elementor-element-6d27b44\" data-id=\"6d27b44\" data-element_type=\"column\">\n\t\t\t<div class=\"elementor-widget-wrap\">\n\t\t\t\t\t\t\t<\/div>\n\t\t<\/div>\n\t\t\t\t<div class=\"elementor-column elementor-col-16 elementor-top-column elementor-element elementor-element-ac2d534\" data-id=\"ac2d534\" data-element_type=\"column\">\n\t\t\t<div class=\"elementor-widget-wrap\">\n\t\t\t\t\t\t\t<\/div>\n\t\t<\/div>\n\t\t\t\t<div class=\"elementor-column elementor-col-16 elementor-top-column elementor-element elementor-element-275b21a\" data-id=\"275b21a\" data-element_type=\"column\">\n\t\t\t<div class=\"elementor-widget-wrap\">\n\t\t\t\t\t\t\t<\/div>\n\t\t<\/div>\n\t\t\t\t<div class=\"elementor-column elementor-col-16 elementor-top-column elementor-element elementor-element-f138a3d\" data-id=\"f138a3d\" data-element_type=\"column\">\n\t\t\t<div class=\"elementor-widget-wrap\">\n\t\t\t\t\t\t\t<\/div>\n\t\t<\/div>\n\t\t\t\t\t<\/div>\n\t\t<\/section>\n\t\t\t\t<\/div>\n\t\t","protected":false},"excerpt":{"rendered":"<p>R\u00e8gles Fran\u00e7ais English German Spanish Dutch R\u00e8gles 2 joueurs Fran\u00e7ais English<\/p>","protected":false},"author":1,"featured_media":0,"parent":0,"menu_order":0,"comment_status":"closed","ping_status":"closed","template":"","meta":{"site-sidebar-layout":"no-sidebar","site-content-layout":"page-builder","ast-global-header-display":"","ast-banner-title-visibility":"","ast-main-header-display":"","ast-hfb-above-header-display":"","ast-hfb-below-header-display":"","ast-hfb-mobile-header-display":"","site-post-title":"disabled","ast-breadcrumbs-content":"","ast-featured-img":"disabled","footer-sml-layout":"","theme-transparent-header-meta":"","adv-header-id-meta":"","stick-header-meta":"","header-above-stick-meta":"","header-main-stick-meta":"","header-below-stick-meta":"","footnotes":""},"class_list":["post-2430","page","type-page","status-publish","hentry"],"_links":{"self":[{"href":"https:\/\/www.ludonaute.fr\/en\/wp-json\/wp\/v2\/pages\/2430","targetHints":{"allow":["GET"]}}],"collection":[{"href":"https:\/\/www.ludonaute.fr\/en\/wp-json\/wp\/v2\/pages"}],"about":[{"href":"https:\/\/www.ludonaute.fr\/en\/wp-json\/wp\/v2\/types\/page"}],"author":[{"embeddable":true,"href":"https:\/\/www.ludonaute.fr\/en\/wp-json\/wp\/v2\/users\/1"}],"replies":[{"embeddable":true,"href":"https:\/\/www.ludonaute.fr\/en\/wp-json\/wp\/v2\/comments?post=2430"}],"version-history":[{"count":4,"href":"https:\/\/www.ludonaute.fr\/en\/wp-json\/wp\/v2\/pages\/2430\/revisions"}],"predecessor-version":[{"id":2437,"href":"https:\/\/www.ludonaute.fr\/en\/wp-json\/wp\/v2\/pages\/2430\/revisions\/2437"}],"wp:attachment":[{"href":"https:\/\/www.ludonaute.fr\/en\/wp-json\/wp\/v2\/media?parent=2430"}],"curies":[{"name":"wp","href":"https:\/\/api.w.org\/{rel}","templated":true}]}}