{"id":2327,"date":"2023-08-09T17:56:49","date_gmt":"2023-08-09T15:56:49","guid":{"rendered":"https:\/\/www.ludonaute.fr\/?page_id=2327"},"modified":"2023-08-09T18:00:19","modified_gmt":"2023-08-09T16:00:19","slug":"colt-express-couriers-armored-train-downloads","status":"publish","type":"page","link":"https:\/\/www.ludonaute.fr\/en\/colt-express-couriers-armored-train-downloads\/","title":{"rendered":"Colt Express &#8211; Couriers &#038; Armored Train : Downloads"},"content":{"rendered":"\t\t<div data-elementor-type=\"wp-page\" data-elementor-id=\"2327\" class=\"elementor elementor-2327\">\n\t\t\t\t\t\t<section class=\"elementor-section elementor-top-section elementor-element elementor-element-788a1448 elementor-section-boxed elementor-section-height-default elementor-section-height-default\" data-id=\"788a1448\" data-element_type=\"section\">\n\t\t\t\t\t\t<div class=\"elementor-container elementor-column-gap-default\">\n\t\t\t\t\t<div class=\"elementor-column elementor-col-100 elementor-top-column elementor-element elementor-element-5d06de7a\" data-id=\"5d06de7a\" data-element_type=\"column\">\n\t\t\t<div class=\"elementor-widget-wrap elementor-element-populated\">\n\t\t\t\t\t\t<div class=\"elementor-element elementor-element-29c3bfd7 elementor-widget elementor-widget-image\" data-id=\"29c3bfd7\" data-element_type=\"widget\" data-widget_type=\"image.default\">\n\t\t\t\t<div class=\"elementor-widget-container\">\n\t\t\t<style>\/*! elementor - v3.23.0 - 05-08-2024 *\/\n.elementor-widget-image{text-align:center}.elementor-widget-image a{display:inline-block}.elementor-widget-image a img[src$=\".svg\"]{width:48px}.elementor-widget-image img{vertical-align:middle;display:inline-block}<\/style>\t\t\t\t\t\t\t\t\t\t<img fetchpriority=\"high\" decoding=\"async\" width=\"1024\" height=\"280\" src=\"https:\/\/www.ludonaute.fr\/wp-content\/uploads\/2023\/07\/FR_COLTEXPRESS2trains_Banner-1-1024x280.jpg\" class=\"attachment-large size-large wp-image-1469\" alt=\"\" srcset=\"https:\/\/www.ludonaute.fr\/wp-content\/uploads\/2023\/07\/FR_COLTEXPRESS2trains_Banner-1-1024x280.jpg 1024w, https:\/\/www.ludonaute.fr\/wp-content\/uploads\/2023\/07\/FR_COLTEXPRESS2trains_Banner-1-300x82.jpg 300w, https:\/\/www.ludonaute.fr\/wp-content\/uploads\/2023\/07\/FR_COLTEXPRESS2trains_Banner-1-600x164.jpg 600w, https:\/\/www.ludonaute.fr\/wp-content\/uploads\/2023\/07\/FR_COLTEXPRESS2trains_Banner-1-768x210.jpg 768w, https:\/\/www.ludonaute.fr\/wp-content\/uploads\/2023\/07\/FR_COLTEXPRESS2trains_Banner-1.jpg 1280w\" sizes=\"(max-width: 1024px) 100vw, 1024px\" \/>\t\t\t\t\t\t\t\t\t\t\t\t\t<\/div>\n\t\t\t\t<\/div>\n\t\t\t\t\t<\/div>\n\t\t<\/div>\n\t\t\t\t\t<\/div>\n\t\t<\/section>\n\t\t\t\t<section class=\"elementor-section elementor-top-section elementor-element elementor-element-3a3369ea elementor-section-boxed elementor-section-height-default elementor-section-height-default\" data-id=\"3a3369ea\" data-element_type=\"section\">\n\t\t\t\t\t\t<div class=\"elementor-container elementor-column-gap-default\">\n\t\t\t\t\t<div class=\"elementor-column elementor-col-100 elementor-top-column elementor-element elementor-element-432dddd7\" data-id=\"432dddd7\" data-element_type=\"column\">\n\t\t\t<div class=\"elementor-widget-wrap elementor-element-populated\">\n\t\t\t\t\t\t<div class=\"elementor-element elementor-element-6144e301 elementor-widget elementor-widget-heading\" data-id=\"6144e301\" data-element_type=\"widget\" data-widget_type=\"heading.default\">\n\t\t\t\t<div class=\"elementor-widget-container\">\n\t\t\t<style>\/*! elementor - v3.23.0 - 05-08-2024 *\/\n.elementor-heading-title{padding:0;margin:0;line-height:1}.elementor-widget-heading .elementor-heading-title[class*=elementor-size-]>a{color:inherit;font-size:inherit;line-height:inherit}.elementor-widget-heading .elementor-heading-title.elementor-size-small{font-size:15px}.elementor-widget-heading .elementor-heading-title.elementor-size-medium{font-size:19px}.elementor-widget-heading .elementor-heading-title.elementor-size-large{font-size:29px}.elementor-widget-heading .elementor-heading-title.elementor-size-xl{font-size:39px}.elementor-widget-heading .elementor-heading-title.elementor-size-xxl{font-size:59px}<\/style><h4 class=\"elementor-heading-title elementor-size-default\">R\u00e8gles<\/h4>\t\t<\/div>\n\t\t\t\t<\/div>\n\t\t\t\t\t<\/div>\n\t\t<\/div>\n\t\t\t\t\t<\/div>\n\t\t<\/section>\n\t\t\t\t<section class=\"elementor-section elementor-top-section elementor-element elementor-element-6fee5b74 elementor-section-boxed elementor-section-height-default elementor-section-height-default\" data-id=\"6fee5b74\" data-element_type=\"section\">\n\t\t\t\t\t\t<div class=\"elementor-container elementor-column-gap-default\">\n\t\t\t\t\t<div class=\"elementor-column elementor-col-16 elementor-top-column elementor-element elementor-element-4ce67ba4\" data-id=\"4ce67ba4\" data-element_type=\"column\">\n\t\t\t<div class=\"elementor-widget-wrap elementor-element-populated\">\n\t\t\t\t\t\t<div class=\"elementor-element elementor-element-30a3b070 elementor-widget elementor-widget-image\" data-id=\"30a3b070\" data-element_type=\"widget\" data-widget_type=\"image.default\">\n\t\t\t\t<div class=\"elementor-widget-container\">\n\t\t\t\t\t\t\t\t\t\t\t\t\t\t<a href=\"https:\/\/www.data.ludonaute.fr\/Colt_Express_Conveyors_&#038;_ArmoredTrain\/RULES\/FR_ColtExpress_Convoyeurs-TrainBlinde-Train_Rules.pdf\">\n\t\t\t\t\t\t\t<img decoding=\"async\" width=\"300\" height=\"200\" src=\"https:\/\/www.ludonaute.fr\/wp-content\/uploads\/2023\/07\/Flag_of_France.svg_-300x200-1.png\" class=\"attachment-large size-large wp-image-1927\" alt=\"\" srcset=\"https:\/\/www.ludonaute.fr\/wp-content\/uploads\/2023\/07\/Flag_of_France.svg_-300x200-1.png 300w, https:\/\/www.ludonaute.fr\/wp-content\/uploads\/2023\/07\/Flag_of_France.svg_-300x200-1-18x12.png 18w\" sizes=\"(max-width: 300px) 100vw, 300px\" \/>\t\t\t\t\t\t\t\t<\/a>\n\t\t\t\t\t\t\t\t\t\t\t\t\t<\/div>\n\t\t\t\t<\/div>\n\t\t\t\t<div class=\"elementor-element elementor-element-296a9794 elementor-widget elementor-widget-text-editor\" data-id=\"296a9794\" data-element_type=\"widget\" data-widget_type=\"text-editor.default\">\n\t\t\t\t<div class=\"elementor-widget-container\">\n\t\t\t<style>\/*! elementor - v3.23.0 - 05-08-2024 *\/\n.elementor-widget-text-editor.elementor-drop-cap-view-stacked .elementor-drop-cap{background-color:#69727d;color:#fff}.elementor-widget-text-editor.elementor-drop-cap-view-framed .elementor-drop-cap{color:#69727d;border:3px solid;background-color:transparent}.elementor-widget-text-editor:not(.elementor-drop-cap-view-default) .elementor-drop-cap{margin-top:8px}.elementor-widget-text-editor:not(.elementor-drop-cap-view-default) .elementor-drop-cap-letter{width:1em;height:1em}.elementor-widget-text-editor .elementor-drop-cap{float:left;text-align:center;line-height:1;font-size:50px}.elementor-widget-text-editor .elementor-drop-cap-letter{display:inline-block}<\/style>\t\t\t\t<p>Fran\u00e7ais<\/p>\t\t\t\t\t\t<\/div>\n\t\t\t\t<\/div>\n\t\t\t\t\t<\/div>\n\t\t<\/div>\n\t\t\t\t<div class=\"elementor-column elementor-col-16 elementor-top-column elementor-element elementor-element-73386a23\" data-id=\"73386a23\" data-element_type=\"column\">\n\t\t\t<div class=\"elementor-widget-wrap elementor-element-populated\">\n\t\t\t\t\t\t<div class=\"elementor-element elementor-element-3214c53e elementor-widget elementor-widget-image\" data-id=\"3214c53e\" data-element_type=\"widget\" data-widget_type=\"image.default\">\n\t\t\t\t<div class=\"elementor-widget-container\">\n\t\t\t\t\t\t\t\t\t\t\t\t\t\t<a href=\"https:\/\/www.data.ludonaute.fr\/Colt_Express_Conveyors_&#038;_ArmoredTrain\/RULES\/EN_ColtExpress_Couriers-ArmoredTrain_Rules.pdf\">\n\t\t\t\t\t\t\t<img decoding=\"async\" width=\"300\" height=\"200\" src=\"https:\/\/www.ludonaute.fr\/wp-content\/uploads\/2023\/07\/Flag_lg_EN-300x200-1.jpg\" class=\"attachment-large size-large wp-image-1953\" alt=\"\" srcset=\"https:\/\/www.ludonaute.fr\/wp-content\/uploads\/2023\/07\/Flag_lg_EN-300x200-1.jpg 300w, https:\/\/www.ludonaute.fr\/wp-content\/uploads\/2023\/07\/Flag_lg_EN-300x200-1-18x12.jpg 18w\" sizes=\"(max-width: 300px) 100vw, 300px\" \/>\t\t\t\t\t\t\t\t<\/a>\n\t\t\t\t\t\t\t\t\t\t\t\t\t<\/div>\n\t\t\t\t<\/div>\n\t\t\t\t<div class=\"elementor-element elementor-element-5176f80e elementor-widget elementor-widget-text-editor\" data-id=\"5176f80e\" data-element_type=\"widget\" data-widget_type=\"text-editor.default\">\n\t\t\t\t<div class=\"elementor-widget-container\">\n\t\t\t\t\t\t\t<p>English<\/p>\t\t\t\t\t\t<\/div>\n\t\t\t\t<\/div>\n\t\t\t\t\t<\/div>\n\t\t<\/div>\n\t\t\t\t<div class=\"elementor-column elementor-col-16 elementor-top-column elementor-element elementor-element-464d276f\" data-id=\"464d276f\" data-element_type=\"column\">\n\t\t\t<div class=\"elementor-widget-wrap elementor-element-populated\">\n\t\t\t\t\t\t<div class=\"elementor-element elementor-element-624e263 elementor-widget elementor-widget-image\" data-id=\"624e263\" data-element_type=\"widget\" data-widget_type=\"image.default\">\n\t\t\t\t<div class=\"elementor-widget-container\">\n\t\t\t\t\t\t\t\t\t\t\t\t\t\t<a href=\"https:\/\/www.data.ludonaute.fr\/Colt_Express_Conveyors_&#038;_ArmoredTrain\/RULES\/ES_ColtExpress_Convoyeurs-TrainBlinde-Train_Rules.pdf\">\n\t\t\t\t\t\t\t<img loading=\"lazy\" decoding=\"async\" width=\"300\" height=\"200\" src=\"https:\/\/www.ludonaute.fr\/wp-content\/uploads\/2023\/07\/Flag_of_Spain.svg_-300x200-1.jpg\" class=\"attachment-large size-large wp-image-1956\" alt=\"\" srcset=\"https:\/\/www.ludonaute.fr\/wp-content\/uploads\/2023\/07\/Flag_of_Spain.svg_-300x200-1.jpg 300w, https:\/\/www.ludonaute.fr\/wp-content\/uploads\/2023\/07\/Flag_of_Spain.svg_-300x200-1-18x12.jpg 18w\" sizes=\"(max-width: 300px) 100vw, 300px\" \/>\t\t\t\t\t\t\t\t<\/a>\n\t\t\t\t\t\t\t\t\t\t\t\t\t<\/div>\n\t\t\t\t<\/div>\n\t\t\t\t<div class=\"elementor-element elementor-element-6a6f7a7d elementor-widget elementor-widget-text-editor\" data-id=\"6a6f7a7d\" data-element_type=\"widget\" data-widget_type=\"text-editor.default\">\n\t\t\t\t<div class=\"elementor-widget-container\">\n\t\t\t\t\t\t\t<p>Espa\u00f1ol<\/p>\t\t\t\t\t\t<\/div>\n\t\t\t\t<\/div>\n\t\t\t\t\t<\/div>\n\t\t<\/div>\n\t\t\t\t<div class=\"elementor-column elementor-col-16 elementor-top-column elementor-element elementor-element-7f896e\" data-id=\"7f896e\" data-element_type=\"column\">\n\t\t\t<div class=\"elementor-widget-wrap elementor-element-populated\">\n\t\t\t\t\t\t<div class=\"elementor-element elementor-element-10230d3 elementor-widget elementor-widget-image\" data-id=\"10230d3\" data-element_type=\"widget\" data-widget_type=\"image.default\">\n\t\t\t\t<div class=\"elementor-widget-container\">\n\t\t\t\t\t\t\t\t\t\t\t\t\t\t<a href=\"https:\/\/www.data.ludonaute.fr\/Colt_Express_Conveyors_&#038;_ArmoredTrain\/RULES\/DE_ColtExpress_Couriers-ArmoredTrain_Rules.pdf\">\n\t\t\t\t\t\t\t<img loading=\"lazy\" decoding=\"async\" width=\"300\" height=\"200\" src=\"https:\/\/www.ludonaute.fr\/wp-content\/uploads\/2023\/07\/Flag_of_Germany.svg_-300x200-1.jpg\" class=\"attachment-large size-large wp-image-1960\" alt=\"\" srcset=\"https:\/\/www.ludonaute.fr\/wp-content\/uploads\/2023\/07\/Flag_of_Germany.svg_-300x200-1.jpg 300w, https:\/\/www.ludonaute.fr\/wp-content\/uploads\/2023\/07\/Flag_of_Germany.svg_-300x200-1-18x12.jpg 18w\" sizes=\"(max-width: 300px) 100vw, 300px\" \/>\t\t\t\t\t\t\t\t<\/a>\n\t\t\t\t\t\t\t\t\t\t\t\t\t<\/div>\n\t\t\t\t<\/div>\n\t\t\t\t<div class=\"elementor-element elementor-element-33ee04b3 elementor-widget elementor-widget-text-editor\" data-id=\"33ee04b3\" data-element_type=\"widget\" data-widget_type=\"text-editor.default\">\n\t\t\t\t<div class=\"elementor-widget-container\">\n\t\t\t\t\t\t\t<p>Deutsch<\/p>\t\t\t\t\t\t<\/div>\n\t\t\t\t<\/div>\n\t\t\t\t\t<\/div>\n\t\t<\/div>\n\t\t\t\t<div class=\"elementor-column elementor-col-16 elementor-top-column elementor-element elementor-element-3da3d7b6\" data-id=\"3da3d7b6\" data-element_type=\"column\">\n\t\t\t<div class=\"elementor-widget-wrap elementor-element-populated\">\n\t\t\t\t\t\t<div class=\"elementor-element elementor-element-7da8f07c elementor-widget elementor-widget-image\" data-id=\"7da8f07c\" data-element_type=\"widget\" data-widget_type=\"image.default\">\n\t\t\t\t<div class=\"elementor-widget-container\">\n\t\t\t\t\t\t\t\t\t\t\t\t\t\t<a href=\"https:\/\/www.data.ludonaute.fr\/Colt_Express_Conveyors_&#038;_ArmoredTrain\/RULES\/NL_ColtExpress_Couriers-ArmoredTrain_Rules.pdf\">\n\t\t\t\t\t\t\t<img loading=\"lazy\" decoding=\"async\" width=\"300\" height=\"200\" src=\"https:\/\/www.ludonaute.fr\/wp-content\/uploads\/2023\/07\/Flag_of_the_Netherlands.svg_-300x200-1.jpg\" class=\"attachment-large size-large wp-image-1955\" alt=\"\" srcset=\"https:\/\/www.ludonaute.fr\/wp-content\/uploads\/2023\/07\/Flag_of_the_Netherlands.svg_-300x200-1.jpg 300w, https:\/\/www.ludonaute.fr\/wp-content\/uploads\/2023\/07\/Flag_of_the_Netherlands.svg_-300x200-1-18x12.jpg 18w\" sizes=\"(max-width: 300px) 100vw, 300px\" \/>\t\t\t\t\t\t\t\t<\/a>\n\t\t\t\t\t\t\t\t\t\t\t\t\t<\/div>\n\t\t\t\t<\/div>\n\t\t\t\t<div class=\"elementor-element elementor-element-69581f69 elementor-widget elementor-widget-text-editor\" data-id=\"69581f69\" data-element_type=\"widget\" data-widget_type=\"text-editor.default\">\n\t\t\t\t<div class=\"elementor-widget-container\">\n\t\t\t\t\t\t\t<p>Nederlands<\/p>\t\t\t\t\t\t<\/div>\n\t\t\t\t<\/div>\n\t\t\t\t\t<\/div>\n\t\t<\/div>\n\t\t\t\t<div class=\"elementor-column elementor-col-16 elementor-top-column elementor-element elementor-element-2cfeae37\" data-id=\"2cfeae37\" data-element_type=\"column\">\n\t\t\t<div class=\"elementor-widget-wrap\">\n\t\t\t\t\t\t\t<\/div>\n\t\t<\/div>\n\t\t\t\t\t<\/div>\n\t\t<\/section>\n\t\t\t\t<section class=\"elementor-section elementor-top-section elementor-element elementor-element-5880b6a9 elementor-section-boxed elementor-section-height-default elementor-section-height-default\" data-id=\"5880b6a9\" data-element_type=\"section\">\n\t\t\t\t\t\t<div class=\"elementor-container elementor-column-gap-default\">\n\t\t\t\t\t<div class=\"elementor-column elementor-col-100 elementor-top-column elementor-element elementor-element-31adf08f\" data-id=\"31adf08f\" data-element_type=\"column\">\n\t\t\t<div class=\"elementor-widget-wrap elementor-element-populated\">\n\t\t\t\t\t\t<div class=\"elementor-element elementor-element-31b9efa0 elementor-widget elementor-widget-heading\" data-id=\"31b9efa0\" data-element_type=\"widget\" data-widget_type=\"heading.default\">\n\t\t\t\t<div class=\"elementor-widget-container\">\n\t\t\t<h4 class=\"elementor-heading-title elementor-size-default\">Fichiers<\/h4>\t\t<\/div>\n\t\t\t\t<\/div>\n\t\t\t\t\t<\/div>\n\t\t<\/div>\n\t\t\t\t\t<\/div>\n\t\t<\/section>\n\t\t\t\t<section class=\"elementor-section elementor-top-section elementor-element elementor-element-6f229919 elementor-section-boxed elementor-section-height-default elementor-section-height-default\" data-id=\"6f229919\" data-element_type=\"section\">\n\t\t\t\t\t\t<div class=\"elementor-container elementor-column-gap-default\">\n\t\t\t\t\t<div class=\"elementor-column elementor-col-33 elementor-top-column elementor-element elementor-element-26fcc52e\" data-id=\"26fcc52e\" data-element_type=\"column\">\n\t\t\t<div class=\"elementor-widget-wrap elementor-element-populated\">\n\t\t\t\t\t\t<div class=\"elementor-element elementor-element-355d3145 elementor-widget elementor-widget-image\" data-id=\"355d3145\" data-element_type=\"widget\" data-widget_type=\"image.default\">\n\t\t\t\t<div class=\"elementor-widget-container\">\n\t\t\t\t\t\t\t\t\t\t\t\t\t\t<a href=\"https:\/\/www.data.ludonaute.fr\/?Colt_Express_Conveyors_&#038;_ArmoredTrain\/BOX\">\n\t\t\t\t\t\t\t<img decoding=\"async\" src=\"https:\/\/www.ludonaute.fr\/wp-content\/uploads\/2023\/07\/FR_3DBOX_CEConvoyeurs_left-1.jpg\" title=\"\" alt=\"\" loading=\"lazy\" \/>\t\t\t\t\t\t\t\t<\/a>\n\t\t\t\t\t\t\t\t\t\t\t\t\t<\/div>\n\t\t\t\t<\/div>\n\t\t\t\t<div class=\"elementor-element elementor-element-f4570d3 elementor-widget elementor-widget-text-editor\" data-id=\"f4570d3\" data-element_type=\"widget\" data-widget_type=\"text-editor.default\">\n\t\t\t\t<div class=\"elementor-widget-container\">\n\t\t\t\t\t\t\t<p>The Box<\/p>\t\t\t\t\t\t<\/div>\n\t\t\t\t<\/div>\n\t\t\t\t\t<\/div>\n\t\t<\/div>\n\t\t\t\t<div class=\"elementor-column elementor-col-33 elementor-top-column elementor-element elementor-element-738a0349\" data-id=\"738a0349\" data-element_type=\"column\">\n\t\t\t<div class=\"elementor-widget-wrap elementor-element-populated\">\n\t\t\t\t\t\t<div class=\"elementor-element elementor-element-7fe568da elementor-widget elementor-widget-image\" data-id=\"7fe568da\" data-element_type=\"widget\" data-widget_type=\"image.default\">\n\t\t\t\t<div class=\"elementor-widget-container\">\n\t\t\t\t\t\t\t\t\t\t\t\t\t\t<a href=\"https:\/\/www.data.ludonaute.fr\/?Colt_Express_Conveyors_&#038;_ArmoredTrain\/COMPONENT\">\n\t\t\t\t\t\t\t<img decoding=\"async\" src=\"https:\/\/www.ludonaute.fr\/wp-content\/uploads\/2022\/01\/dosboite-Vue-active_sansombre-1024x526.jpg\" title=\"\" alt=\"\" loading=\"lazy\" \/>\t\t\t\t\t\t\t\t<\/a>\n\t\t\t\t\t\t\t\t\t\t\t\t\t<\/div>\n\t\t\t\t<\/div>\n\t\t\t\t<div class=\"elementor-element elementor-element-60323cb elementor-widget elementor-widget-text-editor\" data-id=\"60323cb\" data-element_type=\"widget\" data-widget_type=\"text-editor.default\">\n\t\t\t\t<div class=\"elementor-widget-container\">\n\t\t\t\t\t\t\t<p>Component<\/p>\t\t\t\t\t\t<\/div>\n\t\t\t\t<\/div>\n\t\t\t\t\t<\/div>\n\t\t<\/div>\n\t\t\t\t<div class=\"elementor-column elementor-col-33 elementor-top-column elementor-element elementor-element-58143ab0\" data-id=\"58143ab0\" data-element_type=\"column\">\n\t\t\t<div class=\"elementor-widget-wrap elementor-element-populated\">\n\t\t\t\t\t\t<div class=\"elementor-element elementor-element-2e31e35b elementor-widget elementor-widget-image\" data-id=\"2e31e35b\" data-element_type=\"widget\" data-widget_type=\"image.default\">\n\t\t\t\t<div class=\"elementor-widget-container\">\n\t\t\t\t\t\t\t\t\t\t\t\t\t\t<a href=\"https:\/\/www.data.ludonaute.fr\/?Colt_Express_Conveyors_&#038;_ArmoredTrain\">\n\t\t\t\t\t\t\t<img loading=\"lazy\" decoding=\"async\" width=\"300\" height=\"300\" src=\"https:\/\/www.ludonaute.fr\/wp-content\/uploads\/2023\/07\/dossier_imagebouton.png\" class=\"attachment-large size-large wp-image-1987\" alt=\"\" srcset=\"https:\/\/www.ludonaute.fr\/wp-content\/uploads\/2023\/07\/dossier_imagebouton.png 300w, https:\/\/www.ludonaute.fr\/wp-content\/uploads\/2023\/07\/dossier_imagebouton-100x100.png 100w, https:\/\/www.ludonaute.fr\/wp-content\/uploads\/2023\/07\/dossier_imagebouton-150x150.png 150w, https:\/\/www.ludonaute.fr\/wp-content\/uploads\/2023\/07\/dossier_imagebouton-12x12.png 12w\" sizes=\"(max-width: 300px) 100vw, 300px\" \/>\t\t\t\t\t\t\t\t<\/a>\n\t\t\t\t\t\t\t\t\t\t\t\t\t<\/div>\n\t\t\t\t<\/div>\n\t\t\t\t<div class=\"elementor-element elementor-element-464c16a elementor-widget elementor-widget-text-editor\" data-id=\"464c16a\" data-element_type=\"widget\" data-widget_type=\"text-editor.default\">\n\t\t\t\t<div class=\"elementor-widget-container\">\n\t\t\t\t\t\t\t<p>Content<\/p>\t\t\t\t\t\t<\/div>\n\t\t\t\t<\/div>\n\t\t\t\t\t<\/div>\n\t\t<\/div>\n\t\t\t\t\t<\/div>\n\t\t<\/section>\n\t\t\t\t<\/div>\n\t\t","protected":false},"excerpt":{"rendered":"<p>R\u00e8gles Fran\u00e7ais English Espa\u00f1ol Deutsch Nederlands Fichiers The Box Component Content<\/p>","protected":false},"author":1,"featured_media":0,"parent":0,"menu_order":0,"comment_status":"closed","ping_status":"closed","template":"","meta":{"site-sidebar-layout":"no-sidebar","site-content-layout":"page-builder","ast-global-header-display":"","ast-banner-title-visibility":"","ast-main-header-display":"","ast-hfb-above-header-display":"","ast-hfb-below-header-display":"","ast-hfb-mobile-header-display":"","site-post-title":"disabled","ast-breadcrumbs-content":"","ast-featured-img":"disabled","footer-sml-layout":"","theme-transparent-header-meta":"","adv-header-id-meta":"","stick-header-meta":"","header-above-stick-meta":"","header-main-stick-meta":"","header-below-stick-meta":"","footnotes":""},"class_list":["post-2327","page","type-page","status-publish","hentry"],"_links":{"self":[{"href":"https:\/\/www.ludonaute.fr\/en\/wp-json\/wp\/v2\/pages\/2327","targetHints":{"allow":["GET"]}}],"collection":[{"href":"https:\/\/www.ludonaute.fr\/en\/wp-json\/wp\/v2\/pages"}],"about":[{"href":"https:\/\/www.ludonaute.fr\/en\/wp-json\/wp\/v2\/types\/page"}],"author":[{"embeddable":true,"href":"https:\/\/www.ludonaute.fr\/en\/wp-json\/wp\/v2\/users\/1"}],"replies":[{"embeddable":true,"href":"https:\/\/www.ludonaute.fr\/en\/wp-json\/wp\/v2\/comments?post=2327"}],"version-history":[{"count":3,"href":"https:\/\/www.ludonaute.fr\/en\/wp-json\/wp\/v2\/pages\/2327\/revisions"}],"predecessor-version":[{"id":2330,"href":"https:\/\/www.ludonaute.fr\/en\/wp-json\/wp\/v2\/pages\/2327\/revisions\/2330"}],"wp:attachment":[{"href":"https:\/\/www.ludonaute.fr\/en\/wp-json\/wp\/v2\/media?parent=2327"}],"curies":[{"name":"wp","href":"https:\/\/api.w.org\/{rel}","templated":true}]}}