{"id":2192,"date":"2023-08-08T15:49:50","date_gmt":"2023-08-08T13:49:50","guid":{"rendered":"https:\/\/www.ludonaute.fr\/?page_id=2192"},"modified":"2024-12-06T15:43:44","modified_gmt":"2024-12-06T14:43:44","slug":"lewis-clark-downloads","status":"publish","type":"page","link":"https:\/\/www.ludonaute.fr\/en\/lewis-clark-downloads\/","title":{"rendered":"Lewis &#038; Clark Downloads"},"content":{"rendered":"<style>\/*! elementor - v3.14.0 - 26-06-2023 *\/\n.elementor-widget-image{text-align:center}.elementor-widget-image a{display:inline-block}.elementor-widget-image a img[src$=\".svg\"]{width:48px}.elementor-widget-image img{vertical-align:middle;display:inline-block}<\/style>\n<p>\t\t\t\t\t\t\t\t\t\t\t\t<img loading=\"lazy\" decoding=\"async\" width=\"1024\" height=\"280\" src=\"https:\/\/www.ludonaute.fr\/wp-content\/uploads\/2023\/07\/bannerFR_LivingForest2-1-1024x280.jpg\" alt=\"\" loading=\"lazy\" srcset=\"https:\/\/www.ludonaute.fr\/wp-content\/uploads\/2023\/07\/bannerFR_LivingForest2-1-1024x280.jpg 1024w, https:\/\/www.ludonaute.fr\/wp-content\/uploads\/2023\/07\/bannerFR_LivingForest2-1-300x82.jpg 300w, https:\/\/www.ludonaute.fr\/wp-content\/uploads\/2023\/07\/bannerFR_LivingForest2-1-768x210.jpg 768w, https:\/\/www.ludonaute.fr\/wp-content\/uploads\/2023\/07\/bannerFR_LivingForest2-1-18x5.jpg 18w, https:\/\/www.ludonaute.fr\/wp-content\/uploads\/2023\/07\/bannerFR_LivingForest2-1-600x164.jpg 600w, https:\/\/www.ludonaute.fr\/wp-content\/uploads\/2023\/07\/bannerFR_LivingForest2-1.jpg 1280w\" sizes=\"auto, (max-width: 1024px) 100vw, 1024px\" \/>\t\t\t\t\t\t\t\t\t\t\t\t\t\t\t<\/p>\n<style>\/*! elementor - v3.14.0 - 26-06-2023 *\/\n.elementor-heading-title{padding:0;margin:0;line-height:1}.elementor-widget-heading .elementor-heading-title[class*=elementor-size-]>a{color:inherit;font-size:inherit;line-height:inherit}.elementor-widget-heading .elementor-heading-title.elementor-size-small{font-size:15px}.elementor-widget-heading .elementor-heading-title.elementor-size-medium{font-size:19px}.elementor-widget-heading .elementor-heading-title.elementor-size-large{font-size:29px}.elementor-widget-heading .elementor-heading-title.elementor-size-xl{font-size:39px}.elementor-widget-heading .elementor-heading-title.elementor-size-xxl{font-size:59px}<\/style>\n<h4>R\u00e8gles deuxi\u00e8me \u00e9dition 2020<\/h4>\n<p>\t\t\t\t\t\t\t\t\t\t\t\t\t\t\t\t<a href=\"https:\/\/www.data.ludonaute.fr\/Lewis_&#038;_Clark\/UPGRADEKIT\/RULES_REPRINT2020\/LC_rules_FR_reprint.pdf\"><br \/>\n\t\t\t\t\t\t\t<img loading=\"lazy\" decoding=\"async\" width=\"300\" height=\"200\" src=\"https:\/\/www.ludonaute.fr\/wp-content\/uploads\/2023\/07\/Flag_of_France.svg_-300x200-1.png\" alt=\"\" loading=\"lazy\" srcset=\"https:\/\/www.ludonaute.fr\/wp-content\/uploads\/2023\/07\/Flag_of_France.svg_-300x200-1.png 300w, https:\/\/www.ludonaute.fr\/wp-content\/uploads\/2023\/07\/Flag_of_France.svg_-300x200-1-18x12.png 18w\" sizes=\"auto, (max-width: 300px) 100vw, 300px\" \/>\t\t\t\t\t\t\t\t<\/a><\/p>\n<p>Fran\u00e7ais<\/p>\n<p>\t\t\t\t\t\t\t\t\t\t\t\t\t\t\t\t<a href=\"https:\/\/www.data.ludonaute.fr\/Lewis_&#038;_Clark\/UPGRADEKIT\/RULES_REPRINT2020\/LC_rules_PT-BR_reprint.pdf\"><br \/>\n\t\t\t\t\t\t\t<img loading=\"lazy\" decoding=\"async\" width=\"300\" height=\"200\" src=\"https:\/\/www.ludonaute.fr\/wp-content\/uploads\/2023\/07\/1920px-Flag_of_Portugal.svg_-300x200-1.png\" alt=\"\" loading=\"lazy\" srcset=\"https:\/\/www.ludonaute.fr\/wp-content\/uploads\/2023\/07\/1920px-Flag_of_Portugal.svg_-300x200-1.png 300w, https:\/\/www.ludonaute.fr\/wp-content\/uploads\/2023\/07\/1920px-Flag_of_Portugal.svg_-300x200-1-18x12.png 18w\" sizes=\"auto, (max-width: 300px) 100vw, 300px\" \/>\t\t\t\t\t\t\t\t<\/a><\/p>\n<p>Portugu\u00eas<\/p>\n<p>\t\t\t\t\t\t\t\t\t\t\t\t\t\t\t\t<a href=\"https:\/\/www.data.ludonaute.fr\/Lewis_&#038;_Clark\/UPGRADEKIT\/RULES_REPRINT2020\/LC_rules_EN_reprint.pdf\"><br \/>\n\t\t\t\t\t\t\t<img loading=\"lazy\" decoding=\"async\" width=\"300\" height=\"200\" src=\"https:\/\/www.ludonaute.fr\/wp-content\/uploads\/2023\/07\/Flag_lg_EN-300x200-1.jpg\" alt=\"\" loading=\"lazy\" srcset=\"https:\/\/www.ludonaute.fr\/wp-content\/uploads\/2023\/07\/Flag_lg_EN-300x200-1.jpg 300w, https:\/\/www.ludonaute.fr\/wp-content\/uploads\/2023\/07\/Flag_lg_EN-300x200-1-18x12.jpg 18w\" sizes=\"auto, (max-width: 300px) 100vw, 300px\" \/>\t\t\t\t\t\t\t\t<\/a><\/p>\n<p>English<\/p>\n<p>\t\t\t\t\t\t\t\t\t\t\t\t\t\t\t\t<a href=\"https:\/\/www.data.ludonaute.fr\/Lewis_&#038;_Clark\/UPGRADEKIT\/RULES_REPRINT2020\/LC_rules_KR_reprint.pdf\"><br \/>\n\t\t\t\t\t\t\t<img loading=\"lazy\" decoding=\"async\" width=\"300\" height=\"200\" src=\"https:\/\/www.ludonaute.fr\/wp-content\/uploads\/2023\/07\/Flag_of_South_Korea.svg_-300x200-1.png\" alt=\"\" loading=\"lazy\" srcset=\"https:\/\/www.ludonaute.fr\/wp-content\/uploads\/2023\/07\/Flag_of_South_Korea.svg_-300x200-1.png 300w, https:\/\/www.ludonaute.fr\/wp-content\/uploads\/2023\/07\/Flag_of_South_Korea.svg_-300x200-1-18x12.png 18w\" sizes=\"auto, (max-width: 300px) 100vw, 300px\" \/>\t\t\t\t\t\t\t\t<\/a><\/p>\n<p>\ud55c\uad6d\uc5b4<\/p>\n<p>\t\t\t\t\t\t\t\t\t\t\t\t\t\t\t\t<a href=\"https:\/\/www.data.ludonaute.fr\/Lewis_&#038;_Clark\/UPGRADEKIT\/RULES_REPRINT2020\/LC_rules_GE_reprint.pdf\"><br \/>\n\t\t\t\t\t\t\t<img loading=\"lazy\" decoding=\"async\" width=\"300\" height=\"200\" src=\"https:\/\/www.ludonaute.fr\/wp-content\/uploads\/2023\/07\/Flag_of_Germany.svg_-300x200-1.jpg\" alt=\"\" loading=\"lazy\" srcset=\"https:\/\/www.ludonaute.fr\/wp-content\/uploads\/2023\/07\/Flag_of_Germany.svg_-300x200-1.jpg 300w, https:\/\/www.ludonaute.fr\/wp-content\/uploads\/2023\/07\/Flag_of_Germany.svg_-300x200-1-18x12.jpg 18w\" sizes=\"auto, (max-width: 300px) 100vw, 300px\" \/>\t\t\t\t\t\t\t\t<\/a><\/p>\n<p>German<\/p>\n<p>\t\t\t\t\t\t\t\t\t\t\t\t\t\t\t\t<a href=\"https:\/\/www.data.ludonaute.fr\/Lewis_&#038;_Clark\/UPGRADEKIT\/RULES_REPRINT2020\/LC_rules_ES_reprint.pdf\"><br \/>\n\t\t\t\t\t\t\t<img loading=\"lazy\" decoding=\"async\" width=\"300\" height=\"200\" src=\"https:\/\/www.ludonaute.fr\/wp-content\/uploads\/2023\/07\/Flag_of_Spain.svg_-300x200-1.jpg\" alt=\"\" loading=\"lazy\" srcset=\"https:\/\/www.ludonaute.fr\/wp-content\/uploads\/2023\/07\/Flag_of_Spain.svg_-300x200-1.jpg 300w, https:\/\/www.ludonaute.fr\/wp-content\/uploads\/2023\/07\/Flag_of_Spain.svg_-300x200-1-18x12.jpg 18w\" sizes=\"auto, (max-width: 300px) 100vw, 300px\" \/>\t\t\t\t\t\t\t\t<\/a><\/p>\n<p>Espa\u00f1ol<\/p>\n<p>\t\t\t\t\t\t\t\t\t\t\t\t\t\t\t\t<a href=\"https:\/\/www.data.ludonaute.fr\/Lewis_&#038;_Clark\/UPGRADEKIT\/RULES_REPRINT2020\/LC_rules_IT_reprint.pdf\"><br \/>\n\t\t\t\t\t\t\t<img loading=\"lazy\" decoding=\"async\" width=\"300\" height=\"200\" src=\"https:\/\/www.ludonaute.fr\/wp-content\/uploads\/2023\/07\/Flag_of_Italy-300x200-1.jpg\" alt=\"\" loading=\"lazy\" srcset=\"https:\/\/www.ludonaute.fr\/wp-content\/uploads\/2023\/07\/Flag_of_Italy-300x200-1.jpg 300w, https:\/\/www.ludonaute.fr\/wp-content\/uploads\/2023\/07\/Flag_of_Italy-300x200-1-18x12.jpg 18w\" sizes=\"auto, (max-width: 300px) 100vw, 300px\" \/>\t\t\t\t\t\t\t\t<\/a><\/p>\n<p>Italiano<\/p>\n<p>\t\t\t\t\t\t\t\t\t\t\t\t\t\t\t\t<a href=\"https:\/\/www.data.ludonaute.fr\/Lewis_&#038;_Clark\/UPGRADEKIT\/RULES_REPRINT2020\/LC_rules_PL_reprint.pdf\"><br \/>\n\t\t\t\t\t\t\t<img loading=\"lazy\" decoding=\"async\" width=\"300\" height=\"200\" src=\"https:\/\/www.ludonaute.fr\/wp-content\/uploads\/2023\/07\/Flag_of_Poland-300x200-1.jpg\" alt=\"\" loading=\"lazy\" srcset=\"https:\/\/www.ludonaute.fr\/wp-content\/uploads\/2023\/07\/Flag_of_Poland-300x200-1.jpg 300w, https:\/\/www.ludonaute.fr\/wp-content\/uploads\/2023\/07\/Flag_of_Poland-300x200-1-18x12.jpg 18w\" sizes=\"auto, (max-width: 300px) 100vw, 300px\" \/>\t\t\t\t\t\t\t\t<\/a><\/p>\n<p>Polish<\/p>\n<h4>R\u00e8gles premi\u00e8re \u00e9dition 2013<\/h4>\n<p>\t\t\t\t\t\t\t\t\t\t\t\t\t\t\t\t<a href=\"https:\/\/www.data.ludonaute.fr\/Lewis_&#038;_Clark\/RULES\/Lewis_&#038;_Clark_Rules_FR.pdf\"><br \/>\n\t\t\t\t\t\t\t<img loading=\"lazy\" decoding=\"async\" width=\"300\" height=\"200\" src=\"https:\/\/www.ludonaute.fr\/wp-content\/uploads\/2023\/07\/Flag_of_France.svg_-300x200-1.png\" alt=\"\" loading=\"lazy\" srcset=\"https:\/\/www.ludonaute.fr\/wp-content\/uploads\/2023\/07\/Flag_of_France.svg_-300x200-1.png 300w, https:\/\/www.ludonaute.fr\/wp-content\/uploads\/2023\/07\/Flag_of_France.svg_-300x200-1-18x12.png 18w\" sizes=\"auto, (max-width: 300px) 100vw, 300px\" \/>\t\t\t\t\t\t\t\t<\/a><\/p>\n<p>Fran\u00e7ais<\/p>\n<p>\t\t\t\t\t\t\t\t\t\t\t\t\t\t\t\t<a href=\"https:\/\/www.data.ludonaute.fr\/Lewis_&#038;_Clark\/RULES\/Lewis_&#038;_Clark_Rules_NL.pdf\"><br \/>\n\t\t\t\t\t\t\t<img loading=\"lazy\" decoding=\"async\" width=\"300\" height=\"200\" src=\"https:\/\/www.ludonaute.fr\/wp-content\/uploads\/2023\/07\/Flag_of_the_Netherlands.svg_-300x200-1.jpg\" alt=\"\" loading=\"lazy\" srcset=\"https:\/\/www.ludonaute.fr\/wp-content\/uploads\/2023\/07\/Flag_of_the_Netherlands.svg_-300x200-1.jpg 300w, https:\/\/www.ludonaute.fr\/wp-content\/uploads\/2023\/07\/Flag_of_the_Netherlands.svg_-300x200-1-18x12.jpg 18w\" sizes=\"auto, (max-width: 300px) 100vw, 300px\" \/>\t\t\t\t\t\t\t\t<\/a><\/p>\n<p>Dutch<\/p>\n<p>\t\t\t\t\t\t\t\t\t\t\t\t\t\t\t\t<a href=\"https:\/\/www.data.ludonaute.fr\/Lewis_&#038;_Clark\/RULES\/Lewis_&#038;_Clark_Rules_EN.pdf\"><br \/>\n\t\t\t\t\t\t\t<img loading=\"lazy\" decoding=\"async\" width=\"300\" height=\"200\" src=\"https:\/\/www.ludonaute.fr\/wp-content\/uploads\/2023\/07\/Flag_lg_EN-300x200-1.jpg\" alt=\"\" loading=\"lazy\" srcset=\"https:\/\/www.ludonaute.fr\/wp-content\/uploads\/2023\/07\/Flag_lg_EN-300x200-1.jpg 300w, https:\/\/www.ludonaute.fr\/wp-content\/uploads\/2023\/07\/Flag_lg_EN-300x200-1-18x12.jpg 18w\" sizes=\"auto, (max-width: 300px) 100vw, 300px\" \/>\t\t\t\t\t\t\t\t<\/a><\/p>\n<p>English<\/p>\n<p>\t\t\t\t\t\t\t\t\t\t\t\t\t\t\t\t<a href=\"https:\/\/www.data.ludonaute.fr\/Lewis_&#038;_Clark\/RULES\/Lewis_&#038;_Clark_Rules_CZ.pdf\"><br \/>\n\t\t\t\t\t\t\t<img loading=\"lazy\" decoding=\"async\" width=\"300\" height=\"200\" src=\"https:\/\/www.ludonaute.fr\/wp-content\/uploads\/2023\/07\/Flag_of_the_Czech_Republic-300x200-1.jpg\" alt=\"\" loading=\"lazy\" srcset=\"https:\/\/www.ludonaute.fr\/wp-content\/uploads\/2023\/07\/Flag_of_the_Czech_Republic-300x200-1.jpg 300w, https:\/\/www.ludonaute.fr\/wp-content\/uploads\/2023\/07\/Flag_of_the_Czech_Republic-300x200-1-18x12.jpg 18w\" sizes=\"auto, (max-width: 300px) 100vw, 300px\" \/>\t\t\t\t\t\t\t\t<\/a><\/p>\n<p>Czech<\/p>\n<p>\t\t\t\t\t\t\t\t\t\t\t\t\t\t\t\t<a href=\"https:\/\/www.data.ludonaute.fr\/Lewis_&#038;_Clark\/RULES\/Lewis_&#038;_Clark_Rules_DE.pdf\"><br \/>\n\t\t\t\t\t\t\t<img loading=\"lazy\" decoding=\"async\" width=\"300\" height=\"200\" src=\"https:\/\/www.ludonaute.fr\/wp-content\/uploads\/2023\/07\/Flag_of_Germany.svg_-300x200-1.jpg\" alt=\"\" loading=\"lazy\" srcset=\"https:\/\/www.ludonaute.fr\/wp-content\/uploads\/2023\/07\/Flag_of_Germany.svg_-300x200-1.jpg 300w, https:\/\/www.ludonaute.fr\/wp-content\/uploads\/2023\/07\/Flag_of_Germany.svg_-300x200-1-18x12.jpg 18w\" sizes=\"auto, (max-width: 300px) 100vw, 300px\" \/>\t\t\t\t\t\t\t\t<\/a><\/p>\n<p>German<\/p>\n<p>\t\t\t\t\t\t\t\t\t\t\t\t\t\t\t\t<a href=\"https:\/\/www.data.ludonaute.fr\/Lewis_&#038;_Clark\/RULES\/Lewis_&#038;_Clark_Rules_SP.pdf\"><br \/>\n\t\t\t\t\t\t\t<img loading=\"lazy\" decoding=\"async\" width=\"300\" height=\"200\" src=\"https:\/\/www.ludonaute.fr\/wp-content\/uploads\/2023\/07\/Flag_of_Spain.svg_-300x200-1.jpg\" alt=\"\" loading=\"lazy\" srcset=\"https:\/\/www.ludonaute.fr\/wp-content\/uploads\/2023\/07\/Flag_of_Spain.svg_-300x200-1.jpg 300w, https:\/\/www.ludonaute.fr\/wp-content\/uploads\/2023\/07\/Flag_of_Spain.svg_-300x200-1-18x12.jpg 18w\" sizes=\"auto, (max-width: 300px) 100vw, 300px\" \/>\t\t\t\t\t\t\t\t<\/a><\/p>\n<p>Espa\u00f1ol<\/p>\n<p>\t\t\t\t\t\t\t\t\t\t\t\t\t\t\t\t<a href=\"https:\/\/www.data.ludonaute.fr\/Lewis_&#038;_Clark\/RULES\/Lewis_&#038;_Clark_Rules_IT.pdf\"><br \/>\n\t\t\t\t\t\t\t<img loading=\"lazy\" decoding=\"async\" width=\"300\" height=\"200\" src=\"https:\/\/www.ludonaute.fr\/wp-content\/uploads\/2023\/07\/Flag_of_Italy-300x200-1.jpg\" alt=\"\" loading=\"lazy\" srcset=\"https:\/\/www.ludonaute.fr\/wp-content\/uploads\/2023\/07\/Flag_of_Italy-300x200-1.jpg 300w, https:\/\/www.ludonaute.fr\/wp-content\/uploads\/2023\/07\/Flag_of_Italy-300x200-1-18x12.jpg 18w\" sizes=\"auto, (max-width: 300px) 100vw, 300px\" \/>\t\t\t\t\t\t\t\t<\/a><\/p>\n<p>Italiano<\/p>\n<p>\t\t\t\t\t\t\t\t\t\t\t\t\t\t\t\t<a href=\"https:\/\/www.data.ludonaute.fr\/Lewis_&#038;_Clark\/RULES\/Lewis_&#038;_Clark_Rules_PL.pdf\"><br \/>\n\t\t\t\t\t\t\t<img loading=\"lazy\" decoding=\"async\" width=\"300\" height=\"200\" src=\"https:\/\/www.ludonaute.fr\/wp-content\/uploads\/2023\/07\/Flag_of_Poland-300x200-1.jpg\" alt=\"\" loading=\"lazy\" srcset=\"https:\/\/www.ludonaute.fr\/wp-content\/uploads\/2023\/07\/Flag_of_Poland-300x200-1.jpg 300w, https:\/\/www.ludonaute.fr\/wp-content\/uploads\/2023\/07\/Flag_of_Poland-300x200-1-18x12.jpg 18w\" sizes=\"auto, (max-width: 300px) 100vw, 300px\" \/>\t\t\t\t\t\t\t\t<\/a><\/p>\n<p>Polish<\/p>\n<h4>Goodies<\/h4>\n<p>\t\t\t\t\t\t\t\t\t\t\t\t\t\t\t\t<a href=\"https:\/\/www.data.ludonaute.fr\/Lewis_&#038;_Clark\/EXTRA\/Lewis_&#038;_Clark_Summary_ML.pdf\"><br \/>\n\t\t\t\t\t\t\t<img decoding=\"async\" src=\"https:\/\/www.ludonaute.fr\/wp-content\/uploads\/2016\/02\/Capture-d%E2%80%99e%CC%81cran-2016-02-16-a%CC%80-17.54.48.png\" title=\"\" alt=\"\" loading=\"lazy\" \/>\t\t\t\t\t\t\t\t<\/a><\/p>\n<p>Summary of the rules in various languages<\/p>\n<p>\t\t\t\t\t\t\t\t\t\t\t\t\t\t\t\t<a href=\"https:\/\/www.data.ludonaute.fr\/Lewis_&#038;_Clark\/EXTRA\/Lewis_&#038;_Clark_Reminder_card.pdf\"><br \/>\n\t\t\t\t\t\t\t<img decoding=\"async\" src=\"https:\/\/www.ludonaute.fr\/wp-content\/uploads\/2016\/02\/Capture-d%E2%80%99e%CC%81cran-2016-02-16-a%CC%80-17.55.45.png\" title=\"\" alt=\"\" loading=\"lazy\" \/>\t\t\t\t\t\t\t\t<\/a><\/p>\n<p>Reminder card<\/p>\n<p>\t\t\t\t\t\t\t\t\t\t\t\t\t\t\t\t<a href=\"https:\/\/www.data.ludonaute.fr\/Lewis_&#038;_Clark\/EXTRA\/Lewis_&#038;_Clark_stickers.pdf\"><br \/>\n\t\t\t\t\t\t\t<img decoding=\"async\" src=\"https:\/\/www.ludonaute.fr\/wp-content\/uploads\/2016\/02\/Capture-d%E2%80%99e%CC%81cran-2016-02-16-a%CC%80-17.56.45.png\" title=\"\" alt=\"\" loading=\"lazy\" \/>\t\t\t\t\t\t\t\t<\/a><\/p>\n<p>Stickers<\/p>\n<h4>Goodies<\/h4>\n<p>\t\t\t\t\t\t\t\t\t\t\t\t\t\t\t\t<a href=\"https:\/\/www.data.ludonaute.fr\/Lewis_&#038;_Clark\/EXTRA\/Lewis_&#038;_Clark_Bauza_Cathala_card.pdf\"><br \/>\n\t\t\t\t\t\t\t<img decoding=\"async\" src=\"https:\/\/www.ludonaute.fr\/wp-content\/uploads\/2016\/02\/Capture-d%E2%80%99e%CC%81cran-2016-02-16-a%CC%80-18.03.26-e1455642340571.png\" title=\"\" alt=\"\" loading=\"lazy\" \/>\t\t\t\t\t\t\t\t<\/a><\/p>\n<p>Bauza &amp; Cathala Card<\/p>\n<p>\t\t\t\t\t\t\t\t\t\t\t\t\t\t\t\t<a href=\"https:\/\/www.data.ludonaute.fr\/Lewis_&#038;_Clark\/EXTRA\/Lewis_&#038;_Clark_BenjaminBord_card.pdf\"><br \/>\n\t\t\t\t\t\t\t<img decoding=\"async\" src=\"https:\/\/www.ludonaute.fr\/wp-content\/uploads\/2016\/02\/Capture-d%E2%80%99e%CC%81cran-2016-02-16-a%CC%80-18.04.57-e1455642358212.png\" title=\"\" alt=\"\" loading=\"lazy\" \/>\t\t\t\t\t\t\t\t<\/a><\/p>\n<p>English<\/p>\n<p>\t\t\t\t\t\t\t\t\t\t\t\t\t\t\t\t<a href=\"https:\/\/www.data.ludonaute.fr\/Lewis_&#038;_Clark\/EXTRA\/Lewis_&#038;_Clark_CedrickChaboussit_card.pdf\"><br \/>\n\t\t\t\t\t\t\t<img decoding=\"async\" src=\"https:\/\/www.ludonaute.fr\/wp-content\/uploads\/2016\/02\/Capture-d%E2%80%99e%CC%81cran-2016-02-16-a%CC%80-18.07.30-e1455642488907.png\" title=\"\" alt=\"\" loading=\"lazy\" \/>\t\t\t\t\t\t\t\t<\/a><\/p>\n<p>C. Chaboussit Card<\/p>\n<p>\t\t\t\t\t\t\t\t\t\t\t\t\t\t\t\t<a href=\"https:\/\/www.data.ludonaute.fr\/Lewis_&#038;_Clark\/EXTRA\/Lewis_&#038;_Clark_MartinWallace_card.pdf\"><br \/>\n\t\t\t\t\t\t\t<img decoding=\"async\" src=\"https:\/\/www.ludonaute.fr\/wp-content\/uploads\/2016\/02\/Capture-d%E2%80%99e%CC%81cran-2016-02-16-a%CC%80-18.08.48-e1455642586113.png\" title=\"\" alt=\"\" loading=\"lazy\" \/>\t\t\t\t\t\t\t\t<\/a><\/p>\n<p>M. Wallace Card<\/p>\n<p>\t\t\t\t\t\t\t\t\t\t\t\t\t\t\t\t<a href=\"https:\/\/www.data.ludonaute.fr\/Lewis_&#038;_Clark\/EXTRA\/Lewis_&#038;_Clark_UweRosenberg_card.pdf\"><br \/>\n\t\t\t\t\t\t\t<img decoding=\"async\" src=\"https:\/\/www.ludonaute.fr\/wp-content\/uploads\/2016\/02\/Capture-d%E2%80%99e%CC%81cran-2016-02-16-a%CC%80-18.12.21-e1455643861924.png\" title=\"\" alt=\"\" loading=\"lazy\" \/>\t\t\t\t\t\t\t\t<\/a><\/p>\n<p>U. Rosenberg Card<\/p>\n<h4>Images<\/h4>\n<p>\t\t\t\t\t\t\t\t\t\t\t\t\t\t\t\t<a href=\"https:\/\/www.data.ludonaute.fr\/?Lewis_&#038;_Clark\/BOX\"><br \/>\n\t\t\t\t\t\t\t<img decoding=\"async\" src=\"https:\/\/www.ludonaute.fr\/wp-content\/uploads\/2016\/02\/LULCK02EN_cover.jpg\" title=\"\" alt=\"\" loading=\"lazy\" \/>\t\t\t\t\t\t\t\t<\/a><\/p>\n<p>Covers<\/p>\n","protected":false},"excerpt":{"rendered":"<p>R\u00e8gles deuxi\u00e8me \u00e9dition 2020 Fran\u00e7ais Portugu\u00eas English \ud55c\uad6d\uc5b4 German Espa\u00f1ol Italiano Polish R\u00e8gles premi\u00e8re \u00e9dition 2013 Fran\u00e7ais Dutch English Czech German Espa\u00f1ol Italiano Polish Goodies Summary of the rules in various languages Reminder card Stickers Goodies Bauza &amp; Cathala Card English C. Chaboussit Card M. Wallace Card U. Rosenberg Card Images Covers<\/p>","protected":false},"author":1,"featured_media":0,"parent":0,"menu_order":0,"comment_status":"closed","ping_status":"closed","template":"","meta":{"site-sidebar-layout":"no-sidebar","site-content-layout":"page-builder","ast-global-header-display":"","ast-banner-title-visibility":"","ast-main-header-display":"","ast-hfb-above-header-display":"","ast-hfb-below-header-display":"","ast-hfb-mobile-header-display":"","site-post-title":"disabled","ast-breadcrumbs-content":"","ast-featured-img":"disabled","footer-sml-layout":"","theme-transparent-header-meta":"","adv-header-id-meta":"","stick-header-meta":"","header-above-stick-meta":"","header-main-stick-meta":"","header-below-stick-meta":"","footnotes":""},"class_list":["post-2192","page","type-page","status-publish","hentry"],"_links":{"self":[{"href":"https:\/\/www.ludonaute.fr\/en\/wp-json\/wp\/v2\/pages\/2192","targetHints":{"allow":["GET"]}}],"collection":[{"href":"https:\/\/www.ludonaute.fr\/en\/wp-json\/wp\/v2\/pages"}],"about":[{"href":"https:\/\/www.ludonaute.fr\/en\/wp-json\/wp\/v2\/types\/page"}],"author":[{"embeddable":true,"href":"https:\/\/www.ludonaute.fr\/en\/wp-json\/wp\/v2\/users\/1"}],"replies":[{"embeddable":true,"href":"https:\/\/www.ludonaute.fr\/en\/wp-json\/wp\/v2\/comments?post=2192"}],"version-history":[{"count":7,"href":"https:\/\/www.ludonaute.fr\/en\/wp-json\/wp\/v2\/pages\/2192\/revisions"}],"predecessor-version":[{"id":2200,"href":"https:\/\/www.ludonaute.fr\/en\/wp-json\/wp\/v2\/pages\/2192\/revisions\/2200"}],"wp:attachment":[{"href":"https:\/\/www.ludonaute.fr\/en\/wp-json\/wp\/v2\/media?parent=2192"}],"curies":[{"name":"wp","href":"https:\/\/api.w.org\/{rel}","templated":true}]}}